{"id":1149,"date":"2012-10-07T21:52:45","date_gmt":"2012-10-08T01:52:45","guid":{"rendered":"http:\/\/web.quillota.cl\/transparencia\/?page_id=1149"},"modified":"2016-08-29T14:29:22","modified_gmt":"2016-08-29T17:29:22","slug":"auditorias","status":"publish","type":"page","link":"https:\/\/www.transparenciaquillota.cl\/?page_id=1149","title":{"rendered":"Auditorias"},"content":{"rendered":"<table border=\"0\" width=\"100%\" cellspacing=\"0\" cellpadding=\"0\">\n<tbody>\n<tr>\n<td>\n<table border=\"0\" width=\"100%\" cellspacing=\"0\" cellpadding=\"6\">\n<tbody>\n<tr>\n<td id=\"titulo18\" bgcolor=\"#EBEBEB\">\n<h3>\u00a1Por que si estamos informados podemos tomar mejores decisiones!<\/h3>\n<\/td>\n<\/tr>\n<tr>\n<td id=\"contenido18\">La Ley 20.285 de Acceso a la Informaci\u00f3n P\u00fablica, conocida como Ley de Transparencia se\u00f1ala que todas personas naturales o jur\u00eddicas tienen el derecho de solicitar y recibir informaci\u00f3n de cualquier \u00f3rgano del Estado.<\/td>\n<\/tr>\n<\/tbody>\n<\/table>\n<\/td>\n<\/tr>\n<tr>\n<td>\n<table border=\"0\" width=\"100%\" cellspacing=\"0\" cellpadding=\"6\">\n<tbody>\n<tr>\n<td id=\"titulo19\" bgcolor=\"#EBEBEB\">\n<h3>\u00bfPor qu\u00e9 es tan importante acceder a la informaci\u00f3n p\u00fablica?<\/h3>\n<\/td>\n<\/tr>\n<tr>\n<td id=\"contenido19\">* Para CONOCER las actividades de las autoridades y los beneficios que entrega el Estado * Para FISCALIZAR las acciones del Estado, ayudando a prevenir la corrupci\u00f3n de las instituciones y organismos p\u00fablicos * Para EVALUAR las pol\u00edticas p\u00fablicas y el trabajo que realizan las autoridades de Chile<\/td>\n<\/tr>\n<\/tbody>\n<\/table>\n<\/td>\n<\/tr>\n<\/tbody>\n<\/table>\n<p><a href=\"http:\/\/web.quillota.cl\/transparencia\/wp-content\/uploads\/2012\/08\/icono_volver2.png\"><img loading=\"lazy\" decoding=\"async\" title=\"icono_volver\" src=\"http:\/\/web.quillota.cl\/transparencia\/wp-content\/uploads\/2012\/08\/icono_volver2.png\" alt=\"\" width=\"14\" height=\"12\" \/><\/a><a>Volver Atr\u00e1s<\/a><\/p>\n<table border=\"0\" width=\"100%\" cellspacing=\"0\" cellpadding=\"6\">\n<tbody>\n<tr>\n<td id=\"titulo1\" bgcolor=\"#EBEBEB\">\n<h2>Auditorias<\/h2>\n<\/td>\n<\/tr>\n<tr>\n<td id=\"contenido\">\n<table width=\"1231\">\n<tbody>\n<tr bgcolor=\"#0C5286\" style=\"font-style: normal; font-weight: bold;\">\n<td width=\"314\">T\u00edtulo de la auditor\u00eda<\/td>\n<td width=\"132\">Entidad que efectu\u00f3 la Auditor\u00eda<\/td>\n<td width=\"191\">Materia<\/td>\n<td width=\"95\">Fecha de Inicio Auditor\u00eda<\/td>\n<td width=\"95\">Fecha de T\u00e9rmino Auditor\u00eda<\/td>\n<td width=\"95\">Per\u00edodo Auditado<\/td>\n<td width=\"95\">Fecha de Publicaci\u00f3n del informe<\/td>\n<td width=\"119\">Respuesta del Servicio<\/td>\n<td width=\"95\">Enlace al Informe final<\/td>\n<\/tr>\n<tr>\n<td width=\"314\">Informe Final Auditoria T\u00e9cnica de Obras<\/td>\n<td width=\"132\">Contralor\u00eda Regional Valpo.<\/td>\n<td width=\"191\">Proyectos de Inversi\u00f3n<\/td>\n<td width=\"95\">14\/05\/2010<\/td>\n<td width=\"95\">14\/05\/2010<\/td>\n<td width=\"95\">01\/01\/2009 \u2013 31\/12\/2009<\/td>\n<td width=\"95\">14\/05\/2010<\/td>\n<td width=\"119\">N\/A<\/td>\n<td width=\"95\"><a href=\"http:\/\/web.quillota.cl\/transparencia\/wp-content\/uploads\/docs\/AUDITORIA%20TECNICA%20DE%20OBRAS.pdf\">Descargar<\/a><\/td>\n<\/tr>\n<tr>\n<td width=\"314\">Informe Final Auditoria a los Recursos de la Ley N\u00ba20.248<\/td>\n<td width=\"132\">Contralor\u00eda Regional Valpo.<\/td>\n<td width=\"191\">Subvenci\u00f3n Escolar Preferencial<\/td>\n<td width=\"95\">25\/07\/2011<\/td>\n<td width=\"95\">25\/07\/2011<\/td>\n<td width=\"95\">01\/01\/2010 \u2013 30\/06\/2011<\/td>\n<td width=\"95\">25\/07\/2011<\/td>\n<td width=\"119\">N\/A<\/td>\n<td width=\"95\"><a href=\"http:\/\/web.quillota.cl\/transparencia\/wp-content\/uploads\/docs\/auditoria%20a%20los%20recursos%20que%20otorga%20la%20ley%20n20248.pdf\">Descargar<\/a><\/td>\n<\/tr>\n<tr>\n<td width=\"314\">Informe Final Auditor\u00eda al Endeudamiento Municipal 2011<\/td>\n<td width=\"132\">Contralor\u00eda Regional Valpo.<\/td>\n<td width=\"191\">Endeudamiento Municipal<\/td>\n<td width=\"95\">01-03-2012<\/td>\n<td width=\"95\">26-03-2012<\/td>\n<td width=\"95\">01\/01\/2011 \u2013 31\/12\/2011<\/td>\n<td width=\"95\">26\/09\/2012<\/td>\n<td width=\"119\">N\/A<\/td>\n<td width=\"95\"><a href=\"http:\/\/web.quillota.cl\/transparencia\/wp-content\/uploads\/docs\/INFORME%20FINAL%2018-12%20MUNICIPALIDAD%20DE%20QUILLOTA%20AUDITORIA%20AL%20ENDEUDAMIENTO%20MUNICIPAL%20-%20SEPTIEMBRE%202012.pdf\">Descargar<\/a><\/td>\n<\/tr>\n<tr>\n<td width=\"314\">Investigaci\u00f3n Especial<\/td>\n<td width=\"132\">Contralor\u00eda Regional Valpo.<\/td>\n<td width=\"191\">Investigaci\u00f3n Especial<\/td>\n<td width=\"95\">A\u00f1o 2013<\/td>\n<td width=\"95\">A\u00f1o 2013<\/td>\n<td width=\"95\">A\u00f1o 2013<\/td>\n<td width=\"95\">16-10-2013<\/td>\n<td width=\"119\">Las Observaciones Finales se Fiscalizar\u00e1n en Futuras Auditorias<\/td>\n<td width=\"95\"><a href=\"http:\/\/web.quillota.cl\/transparencia\/wp-content\/uploads\/docs\/investigacion_especial_12701-13.pdf\">Descargar<\/a><\/td>\n<\/tr>\n<tr>\n<td width=\"314\">Informe Final Auditor\u00eda al Fondo de Apoyo al Mejoramiento de la Gesti\u00f3n<\/td>\n<td width=\"132\">Contralor\u00eda Regional Valpo.<\/td>\n<td width=\"191\">Fondo de Apoyo al Mejoramiento de la Gesti\u00f3n<\/td>\n<td width=\"95\">A\u00f1o 2013<\/td>\n<td width=\"95\">A\u00f1o 2013<\/td>\n<td width=\"95\">A\u00f1o 2013<\/td>\n<td width=\"95\">17-07-2014<\/td>\n<td width=\"119\">N\/A<\/td>\n<td width=\"95\"><a href=\"http:\/\/web.quillota.cl\/transparencia\/wp-content\/uploads\/docs\/informe%20seguimiento%2011311-14.pdf\">Descargar<\/a><\/td>\n<\/tr>\n<tr>\n<td width=\"314\">Informe Final Seguimiento a Informe Investigaci\u00f3n Especial 25\/2013<\/td>\n<td width=\"132\">Contralor\u00eda Regional Valpo.<\/td>\n<td width=\"191\">Seguimiento a Investigaci\u00f3n Especial<\/td>\n<td width=\"95\">A\u00f1o 2013<\/td>\n<td width=\"95\">A\u00f1o 2013<\/td>\n<td width=\"95\">A\u00f1o 2013<\/td>\n<td width=\"95\">02-09-2014<\/td>\n<td width=\"119\">N\/A<\/td>\n<td width=\"95\"><a href=\"http:\/\/web.quillota.cl\/transparencia\/wp-content\/uploads\/docs\/informe_seguimiento-13950-14.pdf\">Descargar<\/a><\/td>\n<\/tr>\n<tr>\n<td width=\"314\">Informe Final Auditor\u00eda Departamento de Salud<\/td>\n<td width=\"132\">Contralor\u00eda Regional Valpo.<\/td>\n<td width=\"191\">Auditor\u00eda Departamento de Salud<\/td>\n<td width=\"95\">A\u00f1o 2013<\/td>\n<td width=\"95\">A\u00f1o 2013<\/td>\n<td width=\"95\">A\u00f1o 2013<\/td>\n<td width=\"95\">05-12-2013<\/td>\n<td width=\"119\">N\/A<\/td>\n<td width=\"95\"><a href=\"http:\/\/web.quillota.cl\/transparencia\/wp-content\/uploads\/2012\/10\/INFORME-FINAL-34-13-DEPARTAMENTO-DE-SALUD-DE-QUILLOTA-SOBRE-ATENCI%C3%93N-PRIMARIA-DE-SALUD-DICIEMBRE-2013-1.pdf\">Descargar<\/a><\/td>\n<\/tr>\n<tr>\n<td width=\"314\">Informe Final\u00a0 de seguimiento DAEM sobre Auditor\u00eda al Programa de Integraci\u00f3n Escolar<\/td>\n<td width=\"132\">Contralor\u00eda Regional Valpo.<\/td>\n<td width=\"191\">Auditor\u00eda Depto. Educaci\u00f3n<\/td>\n<td width=\"95\">A\u00f1o 2014<\/td>\n<td width=\"95\">A\u00f1o 2014<\/td>\n<td width=\"95\">A\u00f1o 2014<\/td>\n<td width=\"95\">13-05-2015<\/td>\n<td width=\"119\">N\/A<\/td>\n<td width=\"95\"><a href=\"http:\/\/web.quillota.cl\/transparencia\/wp-content\/uploads\/auditorias\/informe-4-2014.pdf\">Descargar<\/a><\/td>\n<\/tr>\n<tr>\n<td width=\"314\">Informe Final sobre Auditor\u00eda a las Contrataciones a Honorarios con Cargo a la Cuenta Presupuestaria 21.04.004<\/td>\n<td width=\"132\">Contralor\u00eda Regional Valpo.<\/td>\n<td width=\"191\">Informe Final de Auditor\u00eda<\/td>\n<td width=\"95\">A\u00f1o 2013<\/td>\n<td width=\"95\">A\u00f1o 2015<\/td>\n<td width=\"95\">A\u00f1o 2014<\/td>\n<td width=\"95\">20-08-2015<\/td>\n<td width=\"119\">N\/A<\/td>\n<td width=\"95\"><a href=\"http:\/\/web.quillota.cl\/transparencia\/wp-content\/uploads\/auditorias\/informe-572-2015.pdf\">Descargar<\/a><\/td>\n<\/tr>\n<\/tbody>\n<\/table>\n<\/td>\n<\/tr>\n<\/tbody>\n<\/table>\n","protected":false},"excerpt":{"rendered":"<p>\u00a1Por que si estamos informados podemos tomar mejores decisiones! La Ley 20.285 de Acceso a la Informaci\u00f3n P\u00fablica, conocida como Ley de Transparencia se\u00f1ala que todas personas naturales o jur\u00eddicas tienen el derecho de solicitar y recibir informaci\u00f3n de cualquier \u00f3rgano del Estado. \u00bfPor qu\u00e9 es tan importante acceder a la informaci\u00f3n p\u00fablica? * Para <span class=\"excerpt-more\">&rarr;<\/span><\/p>\n","protected":false},"author":1,"featured_media":0,"parent":0,"menu_order":0,"comment_status":"closed","ping_status":"closed","template":"","meta":{"footnotes":""},"class_list":["post-1149","page","type-page","status-publish","hentry"],"_links":{"self":[{"href":"https:\/\/www.transparenciaquillota.cl\/index.php?rest_route=\/wp\/v2\/pages\/1149","targetHints":{"allow":["GET"]}}],"collection":[{"href":"https:\/\/www.transparenciaquillota.cl\/index.php?rest_route=\/wp\/v2\/pages"}],"about":[{"href":"https:\/\/www.transparenciaquillota.cl\/index.php?rest_route=\/wp\/v2\/types\/page"}],"author":[{"embeddable":true,"href":"https:\/\/www.transparenciaquillota.cl\/index.php?rest_route=\/wp\/v2\/users\/1"}],"replies":[{"embeddable":true,"href":"https:\/\/www.transparenciaquillota.cl\/index.php?rest_route=%2Fwp%2Fv2%2Fcomments&post=1149"}],"version-history":[{"count":19,"href":"https:\/\/www.transparenciaquillota.cl\/index.php?rest_route=\/wp\/v2\/pages\/1149\/revisions"}],"predecessor-version":[{"id":6747,"href":"https:\/\/www.transparenciaquillota.cl\/index.php?rest_route=\/wp\/v2\/pages\/1149\/revisions\/6747"}],"wp:attachment":[{"href":"https:\/\/www.transparenciaquillota.cl\/index.php?rest_route=%2Fwp%2Fv2%2Fmedia&parent=1149"}],"curies":[{"name":"wp","href":"https:\/\/api.w.org\/{rel}","templated":true}]}}