{"id":1430,"date":"2012-12-07T08:36:59","date_gmt":"2012-12-07T12:36:59","guid":{"rendered":"http:\/\/web.quillota.cl\/transparencia\/?page_id=1430"},"modified":"2019-04-23T12:13:16","modified_gmt":"2019-04-23T15:13:16","slug":"concejo-municipal","status":"publish","type":"page","link":"https:\/\/www.transparenciaquillota.cl\/?page_id=1430","title":{"rendered":"Concejo Municipal"},"content":{"rendered":"<p><body><noscript><meta HTTP-EQUIV=\"refresh\" content=\"0;url='https:\/\/www.secmuquillota.cl\/concejo\/concejales.php?PageSpeed=noscript'\" \/><\/p>\n<style><!--table,div,span,font,p{display:none} --><\/style>\n<div style=\"display:block\">Please click <a href=\"https:\/\/www.secmuquillota.cl\/concejo\/concejales.php?PageSpeed=noscript\">here<\/a> if you are not redirected within a few seconds.<\/div>\n<p><\/noscript><\/p>\n<div class=\"container-fluid\">\n<div class=\"row mision\">\n<h2>CONCEJO MUNICIPAL<\/h2>\n<p class=\"bd-gray-500 text-center\">El Concejo es un \u00f3rgano de la municipalidad de car\u00e1cter normativo, resolutivo y fiscalizador, encargado de hacer efectiva la participaci\u00f3n de la comunidad local y de ejercer las atribuciones que le se\u00f1ala la ley.<\/p>\n<\/p><\/div>\n<div class=\"row\">\n<div class=\"tree\">\n<ul>\n<ul>\n<li> <img decoding=\"async\" src=\"https:\/\/www.secmuquillota.cl\/concejo\/img\/Oscar-Calderon.jpg\" class=\"rounded-circle\" width=\" 100px\" height=\"100px\" data-pagespeed-url-hash=\"1862034694\" onload=\"pagespeed.CriticalImages.checkImageForCriticality(this);\"><span>\n<p>\t\t\t\t\t\t\t\tOscar Calder\u00f3n S\u00e1nchez <br \/> Alcalde <BR> Independiente <br \/>oscar.calderon@quillota.cl <\/span> <\/li>\n<\/ul>\n<ul>\n<li> <img decoding=\"async\" src=\"https:\/\/www.secmuquillota.cl\/concejo\/img\/Regina-Brito.jpg\" class=\"rounded-circle\" width=\" 100px\" height=\"100px\" data-pagespeed-url-hash=\"1343471234\" onload=\"pagespeed.CriticalImages.checkImageForCriticality(this);\"><span>\n<p>\t\t\t\t\t\t\t\tRegina Brito Jeria <br \/> Concejala <BR> RN <br \/>regina.brito@quillota.cl <\/span> <\/li>\n<li> <img decoding=\"async\" src=\"https:\/\/www.secmuquillota.cl\/concejo\/img\/Roberto-Vergara.jpg\" class=\"rounded-circle\" width=\" 100px\" height=\"100px\" data-pagespeed-url-hash=\"3787132379\" onload=\"pagespeed.CriticalImages.checkImageForCriticality(this);\"><span>\n<p>\t\t\t\t\t\t\t\tRoberto Vergara Saavedra <br \/> Concejal <BR> PDC <BR>robertovergarasaavedra@gmail.com <BR> roberto.vergara@quillota.cl<\/span> <\/li>\n<li> <img decoding=\"async\" src=\"https:\/\/www.secmuquillota.cl\/concejo\/img\/Carlos-Pacheco.jpg\" class=\"rounded-circle\" width=\" 100px\" height=\"100px\" data-pagespeed-url-hash=\"189016977\" onload=\"pagespeed.CriticalImages.checkImageForCriticality(this);\"><span>\n<p>\t\t\t\t\t\t\t\tCarlos Pacheco D\u00edaz <br \/> Concejal <BR> PR <BR>carlos.pacheco@quillota.cl <BR> carlos.pacheco.diaz@hotmail.com <\/span> <\/li>\n<li> <img decoding=\"async\" src=\"https:\/\/www.secmuquillota.cl\/concejo\/img\/Silvio-Ibaceta.jpg\" class=\"rounded-circle\" width=\" 100px\" height=\"100px\" data-pagespeed-url-hash=\"2090253771\" onload=\"pagespeed.CriticalImages.checkImageForCriticality(this);\"><span>\n<p>\t\t\t\t\t\t\t\tSilvio Ibaceta Astudillo <br \/> Concejal <BR> PC <BR>silvio.ibaceta@quillota.cl <BR> concejal.ibacetasilvio@gmail.com <\/span> <\/li>\n<\/ul>\n<ul>\n<li> <img decoding=\"async\" src=\"https:\/\/www.secmuquillota.cl\/concejo\/img\/Ramon-Balbontin.jpg\" class=\"rounded-circle\" width=\" 100px\" height=\"100px\" data-pagespeed-url-hash=\"284889044\" onload=\"pagespeed.CriticalImages.checkImageForCriticality(this);\"><span>\n<p>\t\t\t\t\t\t\t\tRam\u00f3n Balbont\u00edn Leiva <br \/> Concejal <BR> PR <BR>ramonbalbontinl@gmail.com <BR><\/p>\n<p>\t\t\t\t\t\t\t\tramonbalbontin@yahoo.cl<\/span> <\/li>\n<li> <img decoding=\"async\" src=\"https:\/\/www.secmuquillota.cl\/concejo\/img\/Daniela-Meri\u00f1o.jpg\" class=\"rounded-circle\" width=\" 100px\" height=\"100px\"><span>\n<p>\t\t\t\t\t\t\t\tDaniela Meri\u00f1o Cisternas <br \/> Concejala <BR> PC <BR>daniela.merino@quillota.cl<\/span> <\/li>\n<li> <img decoding=\"async\" src=\"https:\/\/www.secmuquillota.cl\/concejo\/img\/Eduardo-Ormazabal.jpg\" class=\"rounded-circle\" width=\" 100px\" height=\"100px\" data-pagespeed-url-hash=\"520464995\" onload=\"pagespeed.CriticalImages.checkImageForCriticality(this);\"><span>\n<p>\t\t\t\t\t\t\t\tEduardo Ormazabal Mayol <br \/> Concejal <BR>IND\/PDC <BR>eduardo.ormazabal@quillota.cl <\/span> <\/li>\n<li> <img decoding=\"async\" src=\"https:\/\/www.secmuquillota.cl\/concejo\/img\/Karen-Madrid.jpg\" class=\"rounded-circle\" width=\" 100px\" height=\"100px\" data-pagespeed-url-hash=\"1606195236\" onload=\"pagespeed.CriticalImages.checkImageForCriticality(this);\"><span>\n<p>\t\t\t\t\t\t\t\tKaren Madrid Oyarzo <br \/> Concejala <BR> IND\/PPD<BR>karen.madrid@quillota.cl <\/span> <\/li>\n<\/ul>\n<\/ul><\/div>\n<\/p><\/div>\n<\/p><\/div>\n<footer class=\"text-center mt-5\" style=\"background-color: #0d5786;width: 100%;height: 10vh;padding: 0.2rem; \">\n<p class=\"text-light\">Todos los derechos reservados \u00a92024 &#8211; Municipalidad de Quillota &#8211;<\/p>\n<p>\t\t\tChile <br \/> <nbsp><\/p>\n<\/footer>\n<p><\/body><\/p>\n","protected":false},"excerpt":{"rendered":"<p>Please click here if you are not redirected within a few seconds. CONCEJO MUNICIPAL El Concejo es un \u00f3rgano de la municipalidad de car\u00e1cter normativo, resolutivo y fiscalizador, encargado de hacer efectiva la participaci\u00f3n de la comunidad local y de ejercer las atribuciones que le se\u00f1ala la ley. Oscar Calder\u00f3n S\u00e1nchez Alcalde Independiente oscar.calderon@quillota.cl Regina <span class=\"excerpt-more\">&rarr;<\/span><\/p>\n","protected":false},"author":1,"featured_media":0,"parent":0,"menu_order":0,"comment_status":"closed","ping_status":"closed","template":"","meta":{"footnotes":""},"class_list":["post-1430","page","type-page","status-publish","hentry"],"_links":{"self":[{"href":"https:\/\/www.transparenciaquillota.cl\/index.php?rest_route=\/wp\/v2\/pages\/1430","targetHints":{"allow":["GET"]}}],"collection":[{"href":"https:\/\/www.transparenciaquillota.cl\/index.php?rest_route=\/wp\/v2\/pages"}],"about":[{"href":"https:\/\/www.transparenciaquillota.cl\/index.php?rest_route=\/wp\/v2\/types\/page"}],"author":[{"embeddable":true,"href":"https:\/\/www.transparenciaquillota.cl\/index.php?rest_route=\/wp\/v2\/users\/1"}],"replies":[{"embeddable":true,"href":"https:\/\/www.transparenciaquillota.cl\/index.php?rest_route=%2Fwp%2Fv2%2Fcomments&post=1430"}],"version-history":[{"count":18,"href":"https:\/\/www.transparenciaquillota.cl\/index.php?rest_route=\/wp\/v2\/pages\/1430\/revisions"}],"predecessor-version":[{"id":9288,"href":"https:\/\/www.transparenciaquillota.cl\/index.php?rest_route=\/wp\/v2\/pages\/1430\/revisions\/9288"}],"wp:attachment":[{"href":"https:\/\/www.transparenciaquillota.cl\/index.php?rest_route=%2Fwp%2Fv2%2Fmedia&parent=1430"}],"curies":[{"name":"wp","href":"https:\/\/api.w.org\/{rel}","templated":true}]}}