{"id":733,"date":"2012-08-23T13:45:56","date_gmt":"2012-08-23T17:45:56","guid":{"rendered":"http:\/\/web.quillota.cl\/transparencia\/?page_id=733"},"modified":"2019-02-20T09:34:27","modified_gmt":"2019-02-20T12:34:27","slug":"inicio","status":"publish","type":"page","link":"https:\/\/www.transparenciaquillota.cl\/","title":{"rendered":"Inicio"},"content":{"rendered":"<p>&nbsp;<\/p>\n<table border=\"0\" width=\"100%\" cellspacing=\"0\" cellpadding=\"0\">\n<tbody>\n<tr>\n<td>\n<div>\n<h2 style=\"text-align: center;\"><strong>Estimado\/a Usuario\/a:<\/strong><\/h2>\n<h3 style=\"text-align: center;\">Le informamos que a contar de septiembre de 2017 este portal de transparencia ha migrado al siguiente link:<br \/>\n<strong><a href=\"https:\/\/www.portaltransparencia.cl\/PortalPdT\/pdtta?codOrganismo=MU253\" target=\"_blank\" rel=\"noopener\">NUEVO PORTAL DE TRANSPARENCIA MUNICIPALIDAD DE QUILLOTA<\/a><\/strong><\/h3>\n<hr \/>\n<h3 style=\"text-align: center;\"><strong>Para futuras consultas<\/strong> ingresar a <a href=\"https:\/\/www.quillota.cl\">https:\/\/www.quillota.cl<\/a> y luego ir a secci\u00f3n \u00abTransparencia\u00bb<\/h3>\n<hr \/>\n<\/div>\n<\/td>\n<\/tr>\n<\/tbody>\n<\/table>\n<table border=\"0\" width=\"100%\" cellspacing=\"0\" cellpadding=\"0\">\n<tbody>\n<tr>\n<td>\n<table border=\"0\" width=\"100%\" cellspacing=\"0\" cellpadding=\"6\">\n<tbody>\n<tr>\n<td id=\"titulo18\" bgcolor=\"#ebebeb\">\n<h3>\u00a1Por que si estamos informados podemos tomar mejores decisiones!<\/h3>\n<\/td>\n<\/tr>\n<tr>\n<td id=\"contenido18\">La Ley 20.285 de Acceso a la Informaci\u00f3n P\u00fablica, conocida como Ley de Transparencia se\u00f1ala que todas personas naturales o jur\u00eddicas tienen el derecho de solicitar y recibir informaci\u00f3n de cualquier \u00f3rgano del Estado.<\/td>\n<\/tr>\n<\/tbody>\n<\/table>\n<\/td>\n<\/tr>\n<tr>\n<td>\n<table border=\"0\" width=\"100%\" cellspacing=\"0\" cellpadding=\"6\">\n<tbody>\n<tr>\n<td id=\"titulo19\" bgcolor=\"#ebebeb\">\n<h3>\u00bfPor qu\u00e9 es tan importante acceder a la informaci\u00f3n p\u00fablica?<\/h3>\n<\/td>\n<\/tr>\n<tr>\n<td id=\"contenido19\">* Para CONOCER las actividades de las autoridades y los beneficios que entrega el Estado<br \/>\n* Para FISCALIZAR las acciones del Estado, ayudando a prevenir la corrupci\u00f3n de las instituciones y organismos p\u00fablicos<br \/>\n* Para EVALUAR las pol\u00edticas p\u00fablicas y el trabajo que realizan las autoridades de Chile<\/td>\n<\/tr>\n<\/tbody>\n<\/table>\n<\/td>\n<\/tr>\n<\/tbody>\n<\/table>\n<div class=\"sep-2\"><\/div>\n<table border=\"0\" width=\"100%\" cellspacing=\"0\" cellpadding=\"6\">\n<tbody>\n<tr>\n<td id=\"titulo2\" bgcolor=\"#ebebeb\" width=\"33%\">\n<h3><strong>Transparencia Pasiva: Solicitud de Informaci\u00f3n<\/strong><\/h3>\n<\/td>\n<td id=\"titulo2\" bgcolor=\"#ebebeb\" width=\"33%\">\n<h3><strong>Solicitud de Informaci\u00f3n en Papel<\/strong><\/h3>\n<\/td>\n<td id=\"titulo2\" bgcolor=\"#ebebeb\" width=\"33%\">\n<h3><strong>Videos Educativos en lenguaje de se\u00f1as<\/strong><\/h3>\n<\/td>\n<\/tr>\n<tr>\n<td id=\"contenido2\" width=\"33%\">\n<table>\n<tbody>\n<tr>\n<td><a href=\"https:\/\/www.transparenciaquillota.cl\/?page_id=762\"><img loading=\"lazy\" decoding=\"async\" class=\"alignnone wp-image-1965 size-full\" title=\"Formulario de Solicitud de Informaci\u00f3n\" src=\"https:\/\/www.transparenciaquillota.cl\/wp-content\/uploads\/2012\/08\/ico_solicitud_mini-trans.png\" width=\"32\" height=\"32\" \/><\/a><\/td>\n<td><a href=\"https:\/\/www.portaltransparencia.cl\/PortalPdT\/ingreso-sai-v2?idOrgTa=MU253\" target=\"_blank\" rel=\"noopener\">Formulario de Solicitud de Informaci\u00f3n Online<\/a><\/td>\n<\/tr>\n<\/tbody>\n<\/table>\n<\/td>\n<td id=\"contenido2\" width=\"33%\">\n<table>\n<tbody>\n<tr>\n<td width=\"36\"><a href=\"https:\/\/www.quillota.cl\/transparencia_pasiva\/solicitud-de-informacion-via-material-formularios-descargables\/\"><img loading=\"lazy\" decoding=\"async\" class=\"alignnone size-full wp-image-1965\" title=\"Formulario de Solicitud de Informaci\u00f3n\" src=\"https:\/\/www.transparenciaquillota.cl\/wp-content\/uploads\/2013\/07\/pdficon_32.png\" alt=\"\" width=\"32\" height=\"32\" \/><\/a><\/td>\n<td width=\"192\"><a href=\"https:\/\/www.quillota.cl\/transparencia_pasiva\/wp-content\/uploads\/2016\/08\/Formulario-Solicitud-de-informacion-espa%C3%B1ol.pdf\" target=\"_blank\" rel=\"noopener\">Formulario de solicitud de informaci\u00f3n en PDF para imprimir<\/a><\/td>\n<\/tr>\n<\/tbody>\n<\/table>\n<\/td>\n<td id=\"contenido2\" width=\"33%\">\n<table>\n<tbody>\n<tr>\n<td><a href=\"https:\/\/www.transparenciaquillota.cl\/wp-content\/uploads\/2012\/08\/btn_lenguaje_senas.png\"><img loading=\"lazy\" decoding=\"async\" class=\"alignnone size-full wp-image-2878\" src=\"https:\/\/www.transparenciaquillota.cl\/wp-content\/uploads\/2012\/08\/btn_lenguaje_senas.png\" alt=\"btn_lenguaje_senas\" width=\"64\" height=\"32\" \/><\/a><\/td>\n<td><a href=\"https:\/\/www.transparenciaquillota.cl\/?page_id=2598\">Ver videos educativos\u00a0<\/a><\/td>\n<\/tr>\n<\/tbody>\n<\/table>\n<\/td>\n<\/tr>\n<\/tbody>\n<\/table>\n<div class=\"sep-2\"><\/div>\n<table border=\"0\" width=\"100%\" cellspacing=\"0\" cellpadding=\"0\">\n<tbody>\n<tr>\n<td valign=\"top\" width=\"25%\">\n<table border=\"0\" width=\"100%\" cellspacing=\"0\" cellpadding=\"6\">\n<tbody>\n<tr>\n<td id=\"titulo3\" bgcolor=\"#ebebeb\">\n<h3><strong>Carta de Derechos Ciudadanos<\/strong><\/h3>\n<\/td>\n<\/tr>\n<tr>\n<td id=\"contenido3\">\n<ul>\n<li><a title=\"Carta de Derechos Ciudadanos\" href=\"https:\/\/www.transparenciaquillota.cl\/?page_id=6817\">Carta de Derechos Ciudadanos<\/a><\/li>\n<\/ul>\n<\/td>\n<\/tr>\n<\/tbody>\n<\/table>\n<table border=\"0\" width=\"100%\" cellspacing=\"0\" cellpadding=\"6\">\n<tbody>\n<tr>\n<td id=\"titulo22\" bgcolor=\"#ebebeb\">\n<h3><strong>Actos y documentos del organismo que hayan sido objeto de publicaci\u00f3n en el Diario Oficial<\/strong><\/h3>\n<\/td>\n<\/tr>\n<tr>\n<td id=\"contenido22\">\n<ul>\n<li><a href=\"https:\/\/www.transparenciaquillota.cl\/?page_id=952\">Publicaciones en el Diario Oficial (ESTE ORGANISMO NO HA PUBLICADO ACTOS O DOCUMENTOS EN EL DIARIO OFICIAL)<\/a><\/li>\n<\/ul>\n<\/td>\n<\/tr>\n<\/tbody>\n<\/table>\n<table border=\"0\" width=\"100%\" cellspacing=\"0\" cellpadding=\"6\">\n<tbody>\n<tr>\n<td id=\"titulo21\" bgcolor=\"#ebebeb\">\n<h3><strong>Potestades del Organismo y Marco Normativo<\/strong><\/h3>\n<\/td>\n<\/tr>\n<tr>\n<td id=\"contenido21\">\n<ul>\n<li><a style=\"line-height: 19px;\" href=\"https:\/\/www.transparenciaquillota.cl\/?page_id=947\">Potestades, competencias, responsabilidades, funciones, atribuciones y tareas del organismo<\/a><\/li>\n<\/ul>\n<\/td>\n<\/tr>\n<tr>\n<td id=\"contenido33\">\n<ul>\n<li><a href=\"https:\/\/www.transparenciaquillota.cl\/?page_id=5924\">Marco Normativo Aplicable<\/a><\/li>\n<\/ul>\n<\/td>\n<\/tr>\n<\/tbody>\n<\/table>\n<table border=\"0\" width=\"100%\" cellspacing=\"0\" cellpadding=\"6\">\n<tbody>\n<tr>\n<td id=\"titulo4\" bgcolor=\"#ebebeb\">\n<h3><strong>Estructura Org\u00e1nica<\/strong><\/h3>\n<\/td>\n<\/tr>\n<tr>\n<td id=\"contenido4\">\n<ul>\n<li><a href=\"https:\/\/www.transparenciaquillota.cl\/?page_id=9209\">Organigrama Municipal<\/a><\/li>\n<\/ul>\n<\/td>\n<\/tr>\n<tr>\n<td id=\"contenido43\">\n<ul>\n<li><a title=\"Organigrama Educaci\u00f3n Municipal\" href=\"https:\/\/www.transparenciaquillota.cl\/?page_id=1528\">Organigrama Depto. de Educaci\u00f3n<\/a><\/li>\n<\/ul>\n<\/td>\n<\/tr>\n<tr>\n<td id=\"contenido42\">\n<ul>\n<li><a title=\"Organigrama Salud Municipal\" href=\"https:\/\/www.transparenciaquillota.cl\/?page_id=1525\">Organigrama Depto. de Salud<\/a><\/li>\n<\/ul>\n<\/td>\n<\/tr>\n<tr>\n<td id=\"contenido41\">\n<ul>\n<li><a title=\"Estructura Org\u00e1nica\" href=\"https:\/\/www.transparenciaquillota.cl\/?page_id=889\">Facultades, funciones y atribuciones de cada unidad\/\u00f3rgano interno<\/a><\/li>\n<\/ul>\n<\/td>\n<\/tr>\n<tr>\n<td id=\"contenido40\">\n<ul>\n<li><a title=\"Estructura Org\u00e1nica\" href=\"https:\/\/www.transparenciaquillota.cl\/?page_id=1430\">Concejo Municipal<\/a><\/li>\n<\/ul>\n<\/td>\n<\/tr>\n<\/tbody>\n<\/table>\n<table border=\"0\" width=\"100%\" cellspacing=\"0\" cellpadding=\"6\">\n<tbody>\n<tr>\n<td id=\"titulo6\" bgcolor=\"#ebebeb\">\n<h3><strong>Personal y Remuneraciones<\/strong><\/h3>\n<\/td>\n<\/tr>\n<tr>\n<td id=\"contenido6\">\n<ul>\n<li><a href=\"https:\/\/www.transparenciaquillota.cl\/?page_id=9196\" rel=\"noopener\">Escala de Remuneraciones<\/a><\/li>\n<\/ul>\n<\/td>\n<\/tr>\n<tr>\n<td id=\"contenido47\">\n<ul>\n<li><a href=\"https:\/\/www.transparenciaquillota.cl\/?page_id=7784\"><span style=\"text-align: left;\">Dotaci\u00f3n de Planta<\/span><\/a><\/li>\n<\/ul>\n<\/td>\n<\/tr>\n<tr>\n<td id=\"contenido46\">\n<ul>\n<li><span style=\"text-align: left;\"><a title=\"Personal\" href=\"https:\/\/www.transparenciaquillota.cl\/?page_id=7820\">Dotaci\u00f3n a Contrata<\/a><\/span><\/li>\n<\/ul>\n<\/td>\n<\/tr>\n<tr>\n<td id=\"contenido45\">\n<ul>\n<li><a href=\"https:\/\/www.transparenciaquillota.cl\/?page_id=7869\"><span style=\"text-align: left;\">Dotaci\u00f3n a Honorarios<\/span><\/a><\/li>\n<\/ul>\n<\/td>\n<\/tr>\n<tr>\n<td id=\"contenido44\">\n<ul>\n<li><span style=\"text-align: left;\"><a title=\"Personal\" href=\"https:\/\/www.transparenciaquillota.cl\/?page_id=7859\">Dotaci\u00f3n C\u00f3digo del Trabajo<\/a><\/span><\/li>\n<\/ul>\n<\/td>\n<\/tr>\n<\/tbody>\n<\/table>\n<table border=\"0\" width=\"100%\" cellspacing=\"0\" cellpadding=\"6\">\n<tbody>\n<tr>\n<td id=\"titulo8\" bgcolor=\"#ebebeb\">\n<h3><strong>Adquisiciones y Contrataciones<\/strong><\/h3>\n<\/td>\n<\/tr>\n<tr>\n<td id=\"contenido8\">\n<ul>\n<li><a title=\"Compras y Adquisiciones\" href=\"https:\/\/www.mercadopublico.cl\/Portal\/Modules\/Site\/Search\/AcquisitionSearchPage.aspx?TP=Invitado&amp;IdEmpresa=6B0|eBI4sgY=\" target=\"_blank\" rel=\"noopener\">Dentro de Mercado P\u00fablico<\/a><\/li>\n<\/ul>\n<\/td>\n<\/tr>\n<tr>\n<td id=\"contenido48\">\n<ul>\n<li><a title=\"Compras y Adquisiciones\" href=\"https:\/\/www.transparenciaquillota.cl\/?page_id=7758\">Otras Compras<\/a><\/li>\n<\/ul>\n<\/td>\n<\/tr>\n<tr>\n<td id=\"contenido51\">\n<ul>\n<li><a href=\"https:\/\/www.transparenciaquillota.cl\/?page_id=9221\">Arriendos de Bienes Inmuebles<\/a><\/li>\n<\/ul>\n<\/td>\n<\/tr>\n<tr>\n<td id=\"contenido54\">\n<ul>\n<li><a href=\"https:\/\/www.transparenciaquillota.cl\/?page_id=7363\">Comodatos<\/a><\/li>\n<\/ul>\n<\/td>\n<\/tr>\n<\/tbody>\n<\/table>\n<\/td>\n<td valign=\"top\" width=\"25%\">\n<table border=\"0\" width=\"100%\" cellspacing=\"0\" cellpadding=\"6\">\n<tbody>\n<tr>\n<td id=\"titulo1\" bgcolor=\"#ebebeb\">\n<h3><strong>Transferencias de Fondos P\u00fablicos<\/strong><\/h3>\n<\/td>\n<\/tr>\n<tr>\n<td id=\"contenido\">\n<ul>\n<li><a href=\"https:\/\/www.registros19862.cl\/institucion\/69060100\/?pagina=142&amp;WHERE%5Btransferencia%5D%5Bfecha_desde%5D=09%2F10%2F2000&amp;WHERE%5Btransferencia%5D%5Bfecha_hasta%5D=31%2F12%2F2017&amp;WHERE%5Btransferencia%5D%5Brut_receptor%5D=&amp;WHERE%5Btransferencia%5D%5Bnombre_receptor%5D=&amp;WHERE%5Btransferencia%5D%5Bagrupar%5D=0\" target=\"_blank\" rel=\"noopener\">Transferencias reguladas por la Ley 19.862\u00a0<\/a><\/li>\n<\/ul>\n<\/td>\n<\/tr>\n<tr>\n<td id=\"contenido27\">\n<ul>\n<li><a href=\"https:\/\/www.transparenciaquillota.cl\/?page_id=7799\">Otras Transferencias<\/a><\/li>\n<\/ul>\n<\/td>\n<\/tr>\n<\/tbody>\n<\/table>\n<table border=\"0\" width=\"100%\" cellspacing=\"0\" cellpadding=\"6\">\n<tbody>\n<tr>\n<td id=\"titulo9\" bgcolor=\"#ebebeb\">\n<h3><strong>Actos y resoluciones con efectos sobre terceros<\/strong><\/h3>\n<\/td>\n<\/tr>\n<tr>\n<td id=\"contenido9\">\n<ul>\n<li><a title=\"Actos y resoluciones con efectos sobre terceros\" href=\"https:\/\/www.transparenciaquillota.cl\/?page_id=7753\">Decretos<\/a><\/li>\n<\/ul>\n<\/td>\n<\/tr>\n<tr>\n<td id=\"contenido39\">\n<ul>\n<li><a title=\"Actos y resoluciones con efectos sobre terceros\" href=\"https:\/\/www.transparenciaquillota.cl\/?page_id=1108\">Ordenanzas\u00a0<\/a><\/li>\n<\/ul>\n<\/td>\n<\/tr>\n<tr>\n<td id=\"contenido38\">\n<ul>\n<li><a href=\"https:\/\/www.transparenciaquillota.cl\/?page_id=7748\">Actas del Concejo Municipal\u00a0<\/a><\/li>\n<\/ul>\n<\/td>\n<\/tr>\n<tr>\n<td id=\"contenido37\">\n<ul>\n<li><a title=\"Actos y resoluciones con efectos sobre terceros\" href=\"https:\/\/www.transparenciaquillota.cl\/?page_id=1112\">Llamados a Concurso P\u00fablico<\/a><\/li>\n<\/ul>\n<\/td>\n<\/tr>\n<tr>\n<td id=\"contenido36\">\n<ul>\n<li><a href=\"https:\/\/www.transparenciaquillota.cl\/?page_id=3651\">Pladeco<\/a><\/li>\n<\/ul>\n<\/td>\n<\/tr>\n<tr>\n<td id=\"contenido35\">\n<ul>\n<li><a href=\"https:\/\/www.transparenciaquillota.cl\/?page_id=2456\">Plan Regulador<\/a><\/li>\n<\/ul>\n<\/td>\n<\/tr>\n<tr>\n<td id=\"contenido34\">\n<ul>\n<li><a title=\"Direcci\u00f3n de Obras Municipales\" href=\"https:\/\/www.transparenciaquillota.cl\/?page_id=7743\">Direcci\u00f3n De Obras<\/a><\/li>\n<\/ul>\n<\/td>\n<\/tr>\n<tr>\n<td id=\"contenido57\">\n<ul>\n<li><a href=\"https:\/\/www.transparenciaquillota.cl\/?page_id=5642\">Patentes Otorgadas por la Municipalidad de\u00a0Quillota<\/a><\/li>\n<\/ul>\n<\/td>\n<\/tr>\n<\/tbody>\n<\/table>\n<table border=\"0\" width=\"100%\" cellspacing=\"0\" cellpadding=\"6\">\n<tbody>\n<tr>\n<td id=\"titulo10\" bgcolor=\"#ebebeb\">\n<h3><strong>Tr\u00e1mites y Requisitos<\/strong><\/h3>\n<\/td>\n<\/tr>\n<tr>\n<td id=\"contenido10\">\n<ul>\n<li><a title=\"Tr\u00e1mites y Requisitos\" href=\"https:\/\/www.transparenciaquillota.cl\/?page_id=834\">Tr\u00e1mites y Requisitos<\/a><\/li>\n<\/ul>\n<\/td>\n<\/tr>\n<\/tbody>\n<\/table>\n<table border=\"0\" width=\"100%\" cellspacing=\"0\" cellpadding=\"6\">\n<tbody>\n<tr>\n<td id=\"titulo11\" bgcolor=\"#ebebeb\">\n<h3><strong>Subsidios y Beneficios<\/strong><\/h3>\n<\/td>\n<\/tr>\n<tr>\n<td id=\"contenido11\">\n<ul>\n<li><a href=\"https:\/\/www.transparenciaquillota.cl\/?page_id=4759\">Programas de Beneficios Municipales<\/a><\/li>\n<\/ul>\n<\/td>\n<\/tr>\n<tr>\n<td id=\"contenido23\">\n<ul>\n<li><a href=\"https:\/\/www.transparenciaquillota.cl\/?page_id=4693\">Programas de Subsidios Estatales<\/a><\/li>\n<\/ul>\n<\/td>\n<\/tr>\n<tr>\n<td id=\"contenido52\">\n<ul>\n<li><a href=\"https:\/\/www.transparenciaquillota.cl\/?page_id=7684\">N\u00f3mina de Beneficiarios Municipales<\/a><\/li>\n<\/ul>\n<\/td>\n<\/tr>\n<tr>\n<td id=\"contenido53\">\n<ul>\n<li><a href=\"https:\/\/www.transparenciaquillota.cl\/?page_id=7692\">N\u00f3mina de Beneficiarios Subsidios Estatales<\/a><\/li>\n<\/ul>\n<\/td>\n<\/tr>\n<\/tbody>\n<\/table>\n<table border=\"0\" width=\"100%\" cellspacing=\"0\" cellpadding=\"6\">\n<tbody>\n<tr>\n<td id=\"titulo12\" bgcolor=\"#ebebeb\">\n<h3><strong>Mecanismos de Participaci\u00f3n Ciudadana<\/strong><\/h3>\n<\/td>\n<\/tr>\n<tr>\n<td id=\"contenido12\">\n<ul>\n<li><a title=\"Mecanismos de Participaci\u00f3n Ciudadana\" href=\"https:\/\/www.transparenciaquillota.cl\/?page_id=1144\">Mecanismos de Participaci\u00f3n Ciudadana<\/a><\/li>\n<\/ul>\n<\/td>\n<\/tr>\n<tr>\n<td id=\"contenido26\">\n<ul>\n<li><a href=\"https:\/\/goo.gl\/Krr0Dw\" target=\"_blank\" rel=\"noopener\">Reglamento\u00a0COSOC<\/a><\/li>\n<\/ul>\n<\/td>\n<\/tr>\n<tr>\n<td id=\"contenido25\">\n<ul>\n<li><a href=\"https:\/\/goo.gl\/VqB2qU\"><span style=\"line-height: 19px;\">Consejo Comunal de Organizaciones de la Sociedad Civil<\/span><\/a><\/li>\n<\/ul>\n<\/td>\n<\/tr>\n<tr>\n<td id=\"contenido99\">\n<ul>\n<li><a href=\"https:\/\/www.transparenciaquillota.cl\/?page_id=3172\"><span style=\"line-height: 19px;\">Actas del\u00a0Consejo Comunal de Organizaciones de la Sociedad Civil<\/span><\/a><\/li>\n<\/ul>\n<\/td>\n<\/tr>\n<tr>\n<td id=\"contenido24\">\n<ul>\n<li><a href=\"https:\/\/goo.gl\/6W5ycO\" target=\"_blank\" rel=\"noopener\">Ordenanza de Participaci\u00f3n Ciudadana<\/a><\/li>\n<\/ul>\n<\/td>\n<\/tr>\n<tr>\n<td id=\"contenido17\">\n<ul>\n<li><a href=\"https:\/\/goo.gl\/794rwf\" target=\"_blank\" rel=\"noopener\">Consejo Local de Educaci\u00f3n Ley 19.979<\/a><\/li>\n<\/ul>\n<\/td>\n<\/tr>\n<tr>\n<td id=\"contenido13\">\n<ul>\n<li><a href=\"https:\/\/www.transparenciaquillota.cl\/?page_id=8459\">Cuenta P\u00fablica\u00a0Sr. Alcalde<\/a><\/li>\n<\/ul>\n<\/td>\n<\/tr>\n<tr>\n<td id=\"contenido32\">\n<ul>\n<li><a href=\"https:\/\/goo.gl\/UO87Qc\" target=\"_blank\" rel=\"noopener\">Consejo Desarrollo Local de Salud<\/a><\/li>\n<\/ul>\n<\/td>\n<\/tr>\n<\/tbody>\n<\/table>\n<\/td>\n<td valign=\"top\" width=\"25%\">\n<table border=\"0\" width=\"100%\" cellspacing=\"0\" cellpadding=\"6\">\n<tbody>\n<tr>\n<td id=\"titulo13\" bgcolor=\"#ebebeb\">\n<h3><strong>Informaci\u00f3n Presupuestaria<\/strong><\/h3>\n<\/td>\n<\/tr>\n<tr>\n<td id=\"contenido49\">\n<ul>\n<li><a href=\"https:\/\/www.transparenciaquillota.cl\/?page_id=5807\">Presupuesto Municipal<\/a><\/li>\n<\/ul>\n<\/td>\n<\/tr>\n<tr>\n<td id=\"contenido31\">\n<ul>\n<li><a href=\"https:\/\/www.transparenciaquillota.cl\/?page_id=7722\">Estado de Situaci\u00f3n Financiera\u00a0<\/a><\/li>\n<\/ul>\n<\/td>\n<\/tr>\n<tr>\n<td id=\"contenido30\">\n<ul>\n<li><a style=\"line-height: 19px;\" title=\"Balances Trimestrales\" href=\"https:\/\/www.transparenciaquillota.cl\/?page_id=7728\">Balances Trimestrales<\/a><\/li>\n<\/ul>\n<\/td>\n<\/tr>\n<tr>\n<td id=\"contenido29\">\n<ul>\n<li><a style=\"line-height: 19px;\" href=\"https:\/\/www.transparenciaquillota.cl\/?page_id=7734\">Pasivos<\/a><\/li>\n<\/ul>\n<\/td>\n<\/tr>\n<tr>\n<td id=\"contenido28\">\n<ul>\n<li><a href=\"https:\/\/www.transparenciaquillota.cl\/?page_id=7739\">Modificaciones Presupuestarias<\/a><\/li>\n<\/ul>\n<\/td>\n<\/tr>\n<\/tbody>\n<\/table>\n<table border=\"0\" width=\"100%\" cellspacing=\"0\" cellpadding=\"6\">\n<tbody>\n<tr>\n<td id=\"titulo5\" bgcolor=\"#ebebeb\">\n<h3><strong>Auditor\u00edas<\/strong><\/h3>\n<\/td>\n<\/tr>\n<tr>\n<td id=\"contenido5\">\n<ul>\n<li><a title=\"Presupuesto y Auditor\u00edas\" href=\"https:\/\/www.transparenciaquillota.cl\/?page_id=1149\">Auditor\u00edas<\/a><\/li>\n<\/ul>\n<\/td>\n<\/tr>\n<\/tbody>\n<\/table>\n<table border=\"0\" width=\"100%\" cellspacing=\"0\" cellpadding=\"6\">\n<tbody>\n<tr>\n<td id=\"titulo14\" bgcolor=\"#ebebeb\">\n<h3><strong>V\u00ednculos Institucionales con otras entidades<\/strong><\/h3>\n<\/td>\n<\/tr>\n<tr>\n<td id=\"contenido14\">\n<ul>\n<li><a title=\"V\u00ednculos Institucionales con otras entidades\" href=\"https:\/\/www.transparenciaquillota.cl\/?page_id=848\">V\u00ednculos Institucionales con otras entidades<\/a><\/li>\n<\/ul>\n<\/td>\n<\/tr>\n<\/tbody>\n<\/table>\n<table border=\"0\" width=\"100%\" cellspacing=\"0\" cellpadding=\"6\">\n<tbody>\n<tr>\n<td id=\"titulo15\" bgcolor=\"#ebebeb\">\n<h3><strong>Costos de Reproducci\u00f3n<\/strong><\/h3>\n<\/td>\n<\/tr>\n<tr>\n<td id=\"contenido15\">\n<ul>\n<li><a title=\"Costos de Reproducci\u00f3n\" href=\"https:\/\/www.transparenciaquillota.cl\/?page_id=854\">Costos de Reproducci\u00f3n<\/a><\/li>\n<\/ul>\n<\/td>\n<\/tr>\n<\/tbody>\n<\/table>\n<table border=\"0\" width=\"100%\" cellspacing=\"0\" cellpadding=\"6\">\n<tbody>\n<tr>\n<td id=\"titulo16\" bgcolor=\"#ebebeb\">\n<h3><strong>\u00cdndice de Documentos Reservados<\/strong><\/h3>\n<\/td>\n<\/tr>\n<tr>\n<td id=\"contenido16\">\n<ul>\n<li><a title=\"\u00cdndice de Documentos Reservados\" href=\"https:\/\/www.transparenciaquillota.cl\/?page_id=857\">\u00cdndice de Documentos Reservados (A la fecha no tenemos \u00cdndice de documentos reservados)<\/a><\/li>\n<\/ul>\n<\/td>\n<\/tr>\n<\/tbody>\n<\/table>\n<table border=\"0\" width=\"100%\" cellspacing=\"0\" cellpadding=\"6\">\n<tbody>\n<tr>\n<td id=\"titulo20\" bgcolor=\"#ebebeb\">\n<h3><strong>Declaraci\u00f3n de Patrimonio e Intereses<\/strong><\/h3>\n<\/td>\n<\/tr>\n<tr>\n<td id=\"contenido20\">\n<ul>\n<li><a title=\"Directorio de Declaraciones de Patrimonio e Intereses\" href=\"https:\/\/www.transparenciaquillota.cl\/?page_id=1383\">Directorio de declaraciones de Patrimonio e Intereses<br \/>\n<\/a><\/li>\n<\/ul>\n<\/td>\n<\/tr>\n<tr>\n<td id=\"contenido20\">\n<ul>\n<li><a title=\"Directorio de Declaraciones de Patrimonio e Intereses\" href=\"https:\/\/www.transparenciaquillota.cl\/?page_id=7576\">Declaraci\u00f3n de Inter\u00e9s y Patrimonio de Alcalde y Concejales Municipalidad de Quillota<br \/>\n<\/a><\/li>\n<\/ul>\n<\/td>\n<\/tr>\n<\/tbody>\n<\/table>\n<table border=\"0\" width=\"100%\" cellspacing=\"0\" cellpadding=\"6\">\n<tbody>\n<tr>\n<td id=\"titulo24\" bgcolor=\"#ebebeb\">\n<h3><strong>Ley N\u00b0 20.730 que regula el Lobby<\/strong><\/h3>\n<\/td>\n<\/tr>\n<tr>\n<td id=\"contenido50\">\n<ul>\n<li><a href=\"https:\/\/goo.gl\/b6JkyT\" target=\"_blank\" rel=\"noopener\"><span style=\"line-height: 19px;\">Ley 20730 que regula el lobby y las gestiones que representen intereses particulares ante las autoridades y funcionarios<\/span><\/a><\/li>\n<\/ul>\n<\/td>\n<\/tr>\n<tr>\n<td id=\"contenido55\">\n<ul>\n<li><a href=\"https:\/\/goo.gl\/Pxv4HB\" target=\"_blank\" rel=\"noopener\">Manual Ciudadano Ley del Lobby<\/a><\/li>\n<\/ul>\n<\/td>\n<\/tr>\n<tr>\n<td id=\"contenido56\"><a href=\"https:\/\/www.leylobby.gob.cl\/instituciones\/MU253\" target=\"_blank\" rel=\"noopener\"><img decoding=\"async\" src=\"https:\/\/www.quillota.cl\/web\/sitio\/wp-content\/uploads\/2015\/08\/lobby.jpg\" alt=\"Ley del Lobby\" \/><\/a><\/td>\n<\/tr>\n<\/tbody>\n<\/table>\n<table border=\"0\" width=\"100%\" cellspacing=\"0\" cellpadding=\"6\">\n<tbody>\n<tr>\n<td id=\"titulo23\" bgcolor=\"#ebebeb\">\n<h3><strong>Informe Anual a la SUBDERE<\/strong><\/h3>\n<\/td>\n<\/tr>\n<tr>\n<td id=\"contenido59\">\n<ul>\n<li><a href=\"https:\/\/www.transparenciaquillota.cl\/?page_id=8640\">Informe Anual a la SUBDERE<\/a><\/li>\n<\/ul>\n<\/td>\n<\/tr>\n<\/tbody>\n<\/table>\n<table border=\"0\" width=\"100%\" cellspacing=\"0\" cellpadding=\"6\">\n<tbody>\n<tr>\n<td id=\"titulo17\" bgcolor=\"#ebebeb\">\n<h3><strong>Dificultades T\u00e9cnicas,\u00a0Visualizadores &amp; Plug-ins<\/strong><\/h3>\n<\/td>\n<\/tr>\n<tr>\n<td id=\"contenido58\">\n<ul>\n<li><a href=\"https:\/\/www.transparenciaquillota.cl\/?page_id=6693\">Con el Sistema Electr\u00f3nico<\/a><\/li>\n<li><a href=\"https:\/\/www.transparenciaquillota.cl\/?page_id=6696\">Descargar plug-ins y programas de visualizaci\u00f3n<\/a><\/li>\n<\/ul>\n<\/td>\n<\/tr>\n<\/tbody>\n<\/table>\n<\/td>\n<td valign=\"top\" width=\"25%\">\n<table border=\"0\" width=\"100%\" cellspacing=\"0\" cellpadding=\"6\">\n<tbody>\n<tr>\n<td id=\"titulo7\" bgcolor=\"#ebebeb\">\n<h3><strong>Sab\u00eda Ud. que<\/strong><\/h3>\n<\/td>\n<\/tr>\n<tr>\n<td id=\"contenido7\">El plazo legal para la entrega de la informaci\u00f3n requerida, es de 20 d\u00edas h\u00e1biles, contados desde la recepci\u00f3n de su solicitud, que cumple con los requisitos enunciados en el art\u00edculo 12 de la Ley 20.285. Dicho plazo eventualmente podr\u00e1 variar en caso de:<br \/>\n1. Subsanaci\u00f3n: En el caso de que la solicitud no re\u00fana los requisitos enunciados en el inciso 1 del art\u00edculo 12 de la Ley 20.285, se requerir\u00e1 al solicitante para que, en un plazo de 5 d\u00edas, contados desde la respectiva notificaci\u00f3n, subsane la falta. Indicando expresamente que, en caso de no subsanar, se le tendr\u00e1 por desistido (a) de su solicitud.<br \/>\n2. Pr\u00f3rroga del plazo: Excepcionalmente el plazo de entrega de la informaci\u00f3n podr\u00e1 ser prorrogado por 10 d\u00edas h\u00e1biles, cuando existan circunstancias que hagan dif\u00edcil reunir la informaci\u00f3n solicitada, en dicha situaci\u00f3n la Municipalidad se lo comunicar\u00e1 al solicitante antes del vencimiento del plazo legal. Asimismo le comunicamos que vencido el plazo de 20 d\u00edas h\u00e1biles, establecido en el art\u00edculo 14 de la Ley 20.285, para la entrega de la documentaci\u00f3n requerida, o denegada la petici\u00f3n, usted tiene derecho a recurrir ante el Consejo para la Transparencia, solicitando amparo a su derecho de acceso a la informaci\u00f3n.<\/td>\n<\/tr>\n<\/tbody>\n<\/table>\n<\/td>\n<\/tr>\n<\/tbody>\n<\/table>\n<div class=\"sep-2\"><\/div>\n<table border=\"0\" width=\"100%\" cellspacing=\"0\" cellpadding=\"5\">\n<tbody>\n<tr>\n<td colspan=\"2\" bgcolor=\"#ebebeb\">\n<h3><span style=\"color: #000080;\"><strong>Material Complementario<\/strong><\/span><\/h3>\n<\/td>\n<\/tr>\n<tr>\n<td valign=\"top\">\n<header class=\"portlet-topper\">\n<h3 class=\"portlet-title\"><span class=\"portlet-title-text\" style=\"color: #000080;\">\u00bfQuiere conocer m\u00e1s sobre transparencia?<\/span><\/h3>\n<menu id=\"portlet-topper-toolbar_56_INSTANCE_kKv4yukjrhZP\" class=\"portlet-topper-toolbar\" type=\"toolbar\"><\/menu>\n<\/header>\n<div class=\"portlet-content\">\n<div class=\" portlet-content-container\">\n<div class=\"portlet-body\">\n<div id=\"article_10153_10179_10648_3.6\" class=\"journal-content-article\">\n<p>Si quiere saber m\u00e1s acerca de la Ley de Transparencia aqu\u00ed puede encontrar contenidos educativos asociados a temas como solicitar informaci\u00f3n o hacer un reclamo.<\/p>\n<p><a href=\"https:\/\/goo.gl\/ZOzMrn\" target=\"_blank\" rel=\"noopener\">Ir a Educa-Transparencia<\/a><\/p>\n<\/div>\n<\/div>\n<\/div>\n<\/div>\n<\/td>\n<td align=\"middle\" valign=\"top\" width=\"460\"><iframe loading=\"lazy\" src=\"https:\/\/player.vimeo.com\/video\/50936957\" width=\"450\" height=\"337\" frameborder=\"0\"><\/iframe><\/td>\n<\/tr>\n<\/tbody>\n<\/table>\n","protected":false},"excerpt":{"rendered":"<p>&nbsp; Estimado\/a Usuario\/a: Le informamos que a contar de septiembre de 2017 este portal de transparencia ha migrado al siguiente link: NUEVO PORTAL DE TRANSPARENCIA MUNICIPALIDAD DE QUILLOTA Para futuras consultas ingresar a https:\/\/www.quillota.cl y luego ir a secci\u00f3n \u00abTransparencia\u00bb \u00a1Por que si estamos informados podemos tomar mejores decisiones! La Ley 20.285 de Acceso a <span class=\"excerpt-more\">&rarr;<\/span><\/p>\n","protected":false},"author":1,"featured_media":0,"parent":0,"menu_order":0,"comment_status":"open","ping_status":"open","template":"","meta":{"footnotes":""},"class_list":["post-733","page","type-page","status-publish","hentry"],"_links":{"self":[{"href":"https:\/\/www.transparenciaquillota.cl\/index.php?rest_route=\/wp\/v2\/pages\/733","targetHints":{"allow":["GET"]}}],"collection":[{"href":"https:\/\/www.transparenciaquillota.cl\/index.php?rest_route=\/wp\/v2\/pages"}],"about":[{"href":"https:\/\/www.transparenciaquillota.cl\/index.php?rest_route=\/wp\/v2\/types\/page"}],"author":[{"embeddable":true,"href":"https:\/\/www.transparenciaquillota.cl\/index.php?rest_route=\/wp\/v2\/users\/1"}],"replies":[{"embeddable":true,"href":"https:\/\/www.transparenciaquillota.cl\/index.php?rest_route=%2Fwp%2Fv2%2Fcomments&post=733"}],"version-history":[{"count":290,"href":"https:\/\/www.transparenciaquillota.cl\/index.php?rest_route=\/wp\/v2\/pages\/733\/revisions"}],"predecessor-version":[{"id":9279,"href":"https:\/\/www.transparenciaquillota.cl\/index.php?rest_route=\/wp\/v2\/pages\/733\/revisions\/9279"}],"wp:attachment":[{"href":"https:\/\/www.transparenciaquillota.cl\/index.php?rest_route=%2Fwp%2Fv2%2Fmedia&parent=733"}],"curies":[{"name":"wp","href":"https:\/\/api.w.org\/{rel}","templated":true}]}}