{"id":7753,"date":"2017-02-13T11:04:24","date_gmt":"2017-02-13T14:04:24","guid":{"rendered":"https:\/\/www.transparenciaquillota.cl\/?page_id=7753"},"modified":"2017-09-22T10:49:13","modified_gmt":"2017-09-22T13:49:13","slug":"decretos-ano-2017","status":"publish","type":"page","link":"https:\/\/www.transparenciaquillota.cl\/?page_id=7753","title":{"rendered":"Decretos a\u00f1o 2017"},"content":{"rendered":"<table border=\"0\" width=\"100%\" cellspacing=\"0\" cellpadding=\"0\">\n<tbody>\n<tr>\n<td>\n<table border=\"0\" width=\"100%\" cellspacing=\"0\" cellpadding=\"6\">\n<tbody>\n<tr>\n<td id=\"titulo18\" bgcolor=\"#ebebeb\">\n<h3>\u00a1Por que si estamos informados podemos tomar mejores decisiones!<\/h3>\n<\/td>\n<\/tr>\n<tr>\n<td id=\"contenido18\">La Ley 20.285 de Acceso a la Informaci\u00f3n P\u00fablica, conocida como Ley de Transparencia se\u00f1ala que todas personas naturales o jur\u00eddicas tienen el derecho de solicitar y recibir informaci\u00f3n de cualquier \u00f3rgano del Estado.<\/td>\n<\/tr>\n<\/tbody>\n<\/table>\n<\/td>\n<\/tr>\n<tr>\n<td>\n<table border=\"0\" width=\"100%\" cellspacing=\"0\" cellpadding=\"6\">\n<tbody>\n<tr>\n<td id=\"titulo19\" bgcolor=\"#ebebeb\">\n<h3>\u00bfPor qu\u00e9 es tan importante acceder a la informaci\u00f3n p\u00fablica?<\/h3>\n<\/td>\n<\/tr>\n<tr>\n<td id=\"contenido19\">* Para CONOCER las actividades de las autoridades y los beneficios que entrega el Estado * Para FISCALIZAR las acciones del Estado, ayudando a prevenir la corrupci\u00f3n de las instituciones y organismos p\u00fablicos * Para EVALUAR las pol\u00edticas p\u00fablicas y el trabajo que realizan las autoridades de Chile<\/td>\n<\/tr>\n<\/tbody>\n<\/table>\n<\/td>\n<\/tr>\n<\/tbody>\n<\/table>\n<p><a href=\"https:\/\/www.transparenciaquillota.cl\/wp-content\/uploads\/2012\/08\/icono_volver2.png\"><img loading=\"lazy\" decoding=\"async\" title=\"icono_volver\" src=\"https:\/\/www.transparenciaquillota.cl\/wp-content\/uploads\/2012\/08\/icono_volver2.png\" alt=\"\" width=\"14\" height=\"12\" \/><\/a><a>Volver Atr\u00e1s<\/a><\/p>\n<table border=\"0\" width=\"100%\" cellspacing=\"0\" cellpadding=\"6\">\n<tbody>\n<tr>\n<td id=\"titulo1\" bgcolor=\"#ebebeb\">\n<h3>Actos y resoluciones con efectos sobre terceros:<\/h3>\n<h2>Decretos<\/h2>\n<\/td>\n<\/tr>\n<tr>\n<td id=\"contenido\">\n<h2>\u00a0A\u00f1o 2017<\/h2>\n<h4>Ordenados por materia:<\/h4>\n<table width=\"100%\" cellpadding=\"10\">\n<tbody>\n<tr>\n<td rowspan=\"4\">\n<h2>2017<\/h2>\n<\/td>\n<td>\n<h3><span style=\"text-align: center;\"><span style=\"color: #000000; text-align: left;\"><strong>Enero<\/strong><\/span><\/span><\/h3>\n<\/td>\n<td>\n<h3><span style=\"text-align: center;\"><span style=\"color: #000000;\"><strong>Febrero<\/strong><\/span><\/span><\/h3>\n<\/td>\n<td>\n<h3><span style=\"text-align: center;\"><span style=\"color: #000000;\"><strong>Marzo<\/strong><\/span><\/span><\/h3>\n<\/td>\n<td>\n<h3><span style=\"text-align: center;\"><span style=\"color: #000000;\"><strong>Abril<\/strong>\u00a0<\/span><\/span><\/h3>\n<\/td>\n<td>\n<h3><span style=\"text-align: center;\"><span style=\"color: #888888;\"><span style=\"color: #000000;\"><strong>Mayo<\/strong><\/span><\/span><\/span><\/h3>\n<\/td>\n<td>\n<h3><span style=\"text-align: center;\"><span style=\"color: #000000;\"><strong>Junio<\/strong><\/span><\/span><\/h3>\n<\/td>\n<\/tr>\n<tr>\n<td>\n<ul>\n<li><a href=\"https:\/\/www.transparenciaquillota.cl\/wp-content\/uploads\/2017\/02\/actas_concejo.pdf\" target=\"_blank\" rel=\"noopener\">Actas y Acuerdos de Concejo<\/a><\/li>\n<li><a href=\"https:\/\/www.transparenciaquillota.cl\/wp-content\/uploads\/2017\/02\/colecta.pdf\" target=\"_blank\" rel=\"noopener\">Colecta P\u00fablica<\/a><\/li>\n<li><a href=\"https:\/\/www.transparenciaquillota.cl\/wp-content\/uploads\/2017\/02\/comodatos.pdf\" target=\"_blank\" rel=\"noopener\">Comodatos<\/a><\/li>\n<li><a href=\"https:\/\/www.transparenciaquillota.cl\/wp-content\/uploads\/2017\/02\/contratos.pdf\" target=\"_blank\" rel=\"noopener\">Contratos<\/a><\/li>\n<li><a href=\"https:\/\/www.transparenciaquillota.cl\/wp-content\/uploads\/2017\/02\/convenios.pdf\" target=\"_blank\" rel=\"noopener\">Convenios<\/a><\/li>\n<li><a href=\"https:\/\/www.transparenciaquillota.cl\/wp-content\/uploads\/2017\/02\/dar_de_baja.pdf\" target=\"_blank\" rel=\"noopener\">Dar de baja<\/a><\/li>\n<li><a href=\"https:\/\/www.transparenciaquillota.cl\/wp-content\/uploads\/2017\/02\/fiesta_bailable.pdf\" target=\"_blank\" rel=\"noopener\">Fiesta bailable<\/a><\/li>\n<li><a href=\"https:\/\/www.transparenciaquillota.cl\/wp-content\/uploads\/2017\/02\/finanzas.pdf\" target=\"_blank\" rel=\"noopener\">Finanzas<\/a><\/li>\n<li><a href=\"https:\/\/www.transparenciaquillota.cl\/wp-content\/uploads\/2017\/02\/licitacion_publica.pdf\" target=\"_blank\" rel=\"noopener\">Licitaci\u00f3n P\u00fablica<\/a><\/li>\n<li><a href=\"https:\/\/www.transparenciaquillota.cl\/wp-content\/uploads\/2017\/02\/rrhh.pdf\" target=\"_blank\" rel=\"noopener\">RRHH<\/a><\/li>\n<\/ul>\n<\/td>\n<td>\n<ul>\n<li><a href=\"https:\/\/www.transparenciaquillota.cl\/?page_id=7940\">Actas y acuerdos de Concejo<\/a><\/li>\n<li><a href=\"https:\/\/www.transparenciaquillota.cl\/?page_id=7945\">Ambulancia<\/a><\/li>\n<li><a href=\"https:\/\/www.transparenciaquillota.cl\/?page_id=7948\">Asignaci\u00f3n de caja<\/a><\/li>\n<li><a href=\"https:\/\/www.transparenciaquillota.cl\/?page_id=7954\">Autorizaci\u00f3n capacitaci\u00f3n<\/a><\/li>\n<li><a href=\"https:\/\/www.transparenciaquillota.cl\/?page_id=7958\">Carga familiar<\/a><\/li>\n<li><a href=\"https:\/\/www.transparenciaquillota.cl\/?page_id=7962\">Cementerio<\/a><\/li>\n<li><a href=\"https:\/\/www.transparenciaquillota.cl\/?page_id=7969\">Colecta p\u00fablica<\/a><\/li>\n<li><a href=\"https:\/\/www.transparenciaquillota.cl\/?page_id=7973\">Compra pasaje a\u00e9reo<\/a><\/li>\n<li><a href=\"https:\/\/www.transparenciaquillota.cl\/?page_id=7977\">Concesi\u00f3n kiosko<\/a><\/li>\n<li><a href=\"https:\/\/www.transparenciaquillota.cl\/?page_id=7981\">Concesi\u00f3n venta seguro<\/a><\/li>\n<li><a href=\"https:\/\/www.transparenciaquillota.cl\/?page_id=7984\">Contratos<\/a><\/li>\n<li><a href=\"https:\/\/www.transparenciaquillota.cl\/?page_id=7989\">Convenios<\/a><\/li>\n<li><a href=\"https:\/\/www.transparenciaquillota.cl\/?page_id=7993\">Dar de baja<\/a><\/li>\n<li><a href=\"https:\/\/www.transparenciaquillota.cl\/?page_id=7998\">Designaci\u00f3n de funciones<\/a><\/li>\n<li><a href=\"https:\/\/www.transparenciaquillota.cl\/?page_id=8002\">Escala remuneraciones<\/a><\/li>\n<li><a href=\"https:\/\/www.transparenciaquillota.cl\/?page_id=8006\">Exposici\u00f3n sindicato Angloamerican<\/a><\/li>\n<li><a href=\"https:\/\/www.transparenciaquillota.cl\/?page_id=8010\">Expos. Concejal R. Balbont\u00edn<\/a><\/li>\n<li><a href=\"https:\/\/www.transparenciaquillota.cl\/?page_id=8014\">Feriado legal<\/a><\/li>\n<li><a href=\"https:\/\/www.transparenciaquillota.cl\/?page_id=8018\">Feriados salud<\/a><\/li>\n<li><a href=\"https:\/\/www.transparenciaquillota.cl\/?page_id=8022\">Finanzas<\/a><\/li>\n<li><a href=\"https:\/\/www.transparenciaquillota.cl\/?page_id=8026\">Funci\u00f3n inspectores<\/a><\/li>\n<li><a href=\"https:\/\/www.transparenciaquillota.cl\/?page_id=8030\">Habitabilidad<\/a><\/li>\n<li><a href=\"https:\/\/www.transparenciaquillota.cl\/?page_id=8034\">Licitaci\u00f3n p\u00fablica<\/a><\/li>\n<li><a href=\"https:\/\/www.transparenciaquillota.cl\/?page_id=8038\">Medida disciplinaria<\/a><\/li>\n<li><a href=\"https:\/\/www.transparenciaquillota.cl\/?page_id=8042\">Pago vi\u00e1ticos<\/a><\/li>\n<li><a href=\"https:\/\/www.transparenciaquillota.cl\/?page_id=8053\">Permiso fiesta<\/a><\/li>\n<li><a href=\"https:\/\/www.transparenciaquillota.cl\/?page_id=8066\">Permiso m\u00fasica en vivo<\/a><\/li>\n<li><a href=\"https:\/\/www.transparenciaquillota.cl\/?page_id=8102\">Permisos administrativos<\/a><\/li>\n<li><a href=\"https:\/\/www.transparenciaquillota.cl\/?page_id=8070\">Postergaci\u00f3n comodato<\/a><\/li>\n<li><a href=\"https:\/\/www.transparenciaquillota.cl\/?page_id=8077\">Postergaci\u00f3n port\u00f3n<\/a><\/li>\n<li><a href=\"https:\/\/www.transparenciaquillota.cl\/?page_id=8081\">Pptos. participativos<\/a><\/li>\n<li><a href=\"https:\/\/www.transparenciaquillota.cl\/?page_id=8085\">RRHH<\/a><\/li>\n<li><a href=\"https:\/\/www.transparenciaquillota.cl\/?page_id=8089\">Subrogancia salud<\/a><\/li>\n<li><a href=\"https:\/\/www.transparenciaquillota.cl\/?page_id=8094\">Suma a rendir<\/a><\/li>\n<li><a href=\"https:\/\/www.transparenciaquillota.cl\/?page_id=8098\">Sumario administrativo<\/a><\/li>\n<\/ul>\n<\/td>\n<td>\n<ul>\n<li><a href=\"https:\/\/www.transparenciaquillota.cl\/?page_id=8258\">Actas\u00a0y acuerdos de Concejo<\/a><\/li>\n<li><a href=\"https:\/\/www.transparenciaquillota.cl\/?page_id=8261\">Comodatos<\/a><\/li>\n<li><a href=\"https:\/\/www.transparenciaquillota.cl\/?page_id=8266\">Contratos<\/a><\/li>\n<li><a href=\"https:\/\/www.transparenciaquillota.cl\/?page_id=8271\">Convenios<\/a><\/li>\n<li><a href=\"https:\/\/www.transparenciaquillota.cl\/?page_id=8274\">Finanzas<\/a><\/li>\n<li><a href=\"https:\/\/www.transparenciaquillota.cl\/?page_id=8277\">Licitaciones P\u00fablicas<\/a><\/li>\n<li><a href=\"https:\/\/www.transparenciaquillota.cl\/?page_id=8282\">RRHH<\/a><\/li>\n<li><a href=\"https:\/\/www.transparenciaquillota.cl\/?page_id=8285\">Varios<\/a><\/li>\n<\/ul>\n<\/td>\n<td>\n<ul>\n<li><a href=\"https:\/\/www.transparenciaquillota.cl\/?page_id=8414\">Actas y acuerdos de Concejo<\/a><\/li>\n<li><a href=\"https:\/\/www.transparenciaquillota.cl\/?page_id=8417\">Acuerdo de Cooperaci\u00f3n<\/a><\/li>\n<li><a href=\"https:\/\/www.transparenciaquillota.cl\/?page_id=8420\">Comodatos<\/a><\/li>\n<li><a href=\"https:\/\/www.transparenciaquillota.cl\/?page_id=8423\">Contratos<\/a><\/li>\n<li><a href=\"https:\/\/www.transparenciaquillota.cl\/?page_id=8426\">Convenios<\/a><\/li>\n<li><a href=\"https:\/\/www.transparenciaquillota.cl\/?page_id=8429\">Finanzas<br \/>\n<\/a><\/li>\n<li><a href=\"https:\/\/www.transparenciaquillota.cl\/?page_id=8432\">Licitaci\u00f3n P\u00fablica<\/a><\/li>\n<li><a href=\"https:\/\/www.transparenciaquillota.cl\/?page_id=8435\">Manual de Procedimiento<\/a><\/li>\n<li><a href=\"https:\/\/www.transparenciaquillota.cl\/?page_id=8440\">RRHH<\/a><\/li>\n<li><a href=\"https:\/\/www.transparenciaquillota.cl\/?page_id=8443\">Varios<\/a><\/li>\n<\/ul>\n<\/td>\n<td>\n<ul>\n<li><a href=\"https:\/\/www.transparenciaquillota.cl\/?page_id=8568\">Actas y acuerdos de concejo<\/a><\/li>\n<li><a href=\"https:\/\/www.transparenciaquillota.cl\/?page_id=8572\">Capacitaci\u00f3n<\/a><\/li>\n<li><a href=\"https:\/\/www.transparenciaquillota.cl\/?p=8577\">Cementerio<\/a><\/li>\n<li><a href=\"https:\/\/www.transparenciaquillota.cl\/?page_id=8584\">Colecta P\u00fablica<\/a><\/li>\n<li><a href=\"https:\/\/www.transparenciaquillota.cl\/?page_id=8589\">Comodatos<\/a><\/li>\n<li><a href=\"https:\/\/www.transparenciaquillota.cl\/?page_id=8594\">Contratos<\/a><\/li>\n<li><a href=\"https:\/\/www.transparenciaquillota.cl\/?page_id=8599\">Convenios<\/a><\/li>\n<li><a href=\"https:\/\/www.transparenciaquillota.cl\/?page_id=8604\">Finanzas<\/a><\/li>\n<li><a href=\"https:\/\/www.transparenciaquillota.cl\/?page_id=8609\">Licitaci\u00f3n P\u00fablica<\/a><\/li>\n<li><a href=\"https:\/\/www.transparenciaquillota.cl\/?page_id=8615\">RRHH<\/a><\/li>\n<li><a href=\"https:\/\/www.transparenciaquillota.cl\/?page_id=8620\">Varios<\/a><\/li>\n<\/ul>\n<\/td>\n<td>\n<ul>\n<li><a href=\"https:\/\/www.transparenciaquillota.cl\/?page_id=8720\">Actas y acuerdos de concejo<\/a><\/li>\n<li><a href=\"https:\/\/www.transparenciaquillota.cl\/?page_id=8723\">Comodatos<\/a><\/li>\n<li><a href=\"https:\/\/www.transparenciaquillota.cl\/?page_id=8726\">Contratos<\/a><\/li>\n<li><a href=\"https:\/\/www.transparenciaquillota.cl\/?page_id=8729\">Convenios<\/a><\/li>\n<li><a href=\"https:\/\/www.transparenciaquillota.cl\/?page_id=8732\">Demolici\u00f3n<\/a><\/li>\n<li><a href=\"https:\/\/www.transparenciaquillota.cl\/?page_id=8735\">Finanzas<\/a><\/li>\n<li><a href=\"https:\/\/www.transparenciaquillota.cl\/?page_id=8738\">Licitaci\u00f3n P\u00fablica<\/a><\/li>\n<li><a href=\"https:\/\/www.transparenciaquillota.cl\/?page_id=8741\">RRHH<\/a><\/li>\n<li><a href=\"https:\/\/www.transparenciaquillota.cl\/?page_id=8746\">Varios<\/a><\/li>\n<\/ul>\n<\/td>\n<\/tr>\n<tr>\n<td>\n<h3><span style=\"color: #000000;\"><strong>Julio<\/strong>\u00a0<\/span><\/h3>\n<\/td>\n<td>\n<h3><span style=\"color: #888888;\"><span style=\"color: #000000;\"><strong>Agosto<\/strong><\/span><\/span><\/h3>\n<\/td>\n<td>\n<h3><span style=\"color: #000000;\"><strong>Septiembre<\/strong><\/span><\/h3>\n<\/td>\n<td>\n<h3><span style=\"color: #000000;\"><strong>Octubre<\/strong><\/span><\/h3>\n<\/td>\n<td>\n<h3><span style=\"color: #000000;\"><strong>Noviembre<\/strong><\/span><\/h3>\n<\/td>\n<td>\n<h3><span style=\"color: #000000;\"><strong>Diciembre<\/strong><\/span><\/h3>\n<\/td>\n<\/tr>\n<tr>\n<td>\n<ul>\n<li><a href=\"https:\/\/www.transparenciaquillota.cl\/?page_id=8852\">Actas y acuerdos de Concejo<\/a><\/li>\n<li><a href=\"https:\/\/www.transparenciaquillota.cl\/?page_id=8855\">Comodatos<\/a><\/li>\n<li><a href=\"https:\/\/www.transparenciaquillota.cl\/?page_id=8858\">Contratos<\/a><\/li>\n<li><a href=\"https:\/\/www.transparenciaquillota.cl\/?page_id=8861\">Convenios<\/a><\/li>\n<li><a href=\"https:\/\/www.transparenciaquillota.cl\/?page_id=8864\">Demolici\u00f3n<\/a><\/li>\n<li><a href=\"https:\/\/www.transparenciaquillota.cl\/?page_id=8867\">Finanzas<\/a><\/li>\n<li><a href=\"https:\/\/www.transparenciaquillota.cl\/?page_id=8870\">Licitaciones P\u00fablicas<\/a><\/li>\n<li><a href=\"https:\/\/www.transparenciaquillota.cl\/?page_id=8873\">RRHH<\/a><\/li>\n<li><a href=\"https:\/\/www.transparenciaquillota.cl\/?page_id=8876\">Varios<\/a><\/li>\n<\/ul>\n<\/td>\n<td>\n<ul>\n<li><a href=\"https:\/\/www.transparenciaquillota.cl\/?page_id=9149\">Actas y acuerdos de Concejo<\/a><\/li>\n<li><a href=\"https:\/\/www.transparenciaquillota.cl\/?page_id=9152\">Colecta P\u00fablica<\/a><\/li>\n<li><a href=\"https:\/\/www.transparenciaquillota.cl\/?page_id=9155\">Comodatos<\/a><\/li>\n<li><a href=\"https:\/\/www.transparenciaquillota.cl\/?page_id=9158\">Contratos<\/a><\/li>\n<li><a href=\"https:\/\/www.transparenciaquillota.cl\/?page_id=9161\">Convenios<\/a><\/li>\n<li><a href=\"https:\/\/www.transparenciaquillota.cl\/?page_id=9164\">Demolici\u00f3n<\/a><\/li>\n<li><a href=\"https:\/\/www.transparenciaquillota.cl\/?page_id=9167\">Finanzas<\/a><\/li>\n<li><a href=\"https:\/\/www.transparenciaquillota.cl\/?page_id=9170\">Licitaciones<\/a><\/li>\n<li><a href=\"https:\/\/www.transparenciaquillota.cl\/?page_id=9173\">RRHH<\/a><\/li>\n<\/ul>\n<\/td>\n<td>\n<ul>\n<li><span style=\"color: #ffffff;\">Decretos<\/span><\/li>\n<\/ul>\n<\/td>\n<td>\n<ul>\n<li><span style=\"color: #ffffff;\">Decretos<\/span><\/li>\n<\/ul>\n<\/td>\n<td>\n<ul>\n<li><span style=\"color: #ffffff;\">Decretos<\/span><\/li>\n<\/ul>\n<\/td>\n<td>\n<ul>\n<li><span style=\"color: #ffffff;\">Decretos<\/span><\/li>\n<\/ul>\n<\/td>\n<\/tr>\n<\/tbody>\n<\/table>\n<p>&nbsp;<\/p>\n<h3><a href=\"https:\/\/www.transparenciaquillota.cl\/?page_id=1088\" target=\"_blank\" rel=\"noopener\">Para consultar Decretos de a\u00f1os anteriores, haga click aqu\u00ed<\/a><\/h3>\n<\/td>\n<\/tr>\n<\/tbody>\n<\/table>\n","protected":false},"excerpt":{"rendered":"<p>\u00a1Por que si estamos informados podemos tomar mejores decisiones! La Ley 20.285 de Acceso a la Informaci\u00f3n P\u00fablica, conocida como Ley de Transparencia se\u00f1ala que todas personas naturales o jur\u00eddicas tienen el derecho de solicitar y recibir informaci\u00f3n de cualquier \u00f3rgano del Estado. \u00bfPor qu\u00e9 es tan importante acceder a la informaci\u00f3n p\u00fablica? * Para <span class=\"excerpt-more\">&rarr;<\/span><\/p>\n","protected":false},"author":1,"featured_media":0,"parent":828,"menu_order":0,"comment_status":"closed","ping_status":"closed","template":"","meta":{"footnotes":""},"class_list":["post-7753","page","type-page","status-publish","hentry"],"_links":{"self":[{"href":"https:\/\/www.transparenciaquillota.cl\/index.php?rest_route=\/wp\/v2\/pages\/7753","targetHints":{"allow":["GET"]}}],"collection":[{"href":"https:\/\/www.transparenciaquillota.cl\/index.php?rest_route=\/wp\/v2\/pages"}],"about":[{"href":"https:\/\/www.transparenciaquillota.cl\/index.php?rest_route=\/wp\/v2\/types\/page"}],"author":[{"embeddable":true,"href":"https:\/\/www.transparenciaquillota.cl\/index.php?rest_route=\/wp\/v2\/users\/1"}],"replies":[{"embeddable":true,"href":"https:\/\/www.transparenciaquillota.cl\/index.php?rest_route=%2Fwp%2Fv2%2Fcomments&post=7753"}],"version-history":[{"count":39,"href":"https:\/\/www.transparenciaquillota.cl\/index.php?rest_route=\/wp\/v2\/pages\/7753\/revisions"}],"predecessor-version":[{"id":9176,"href":"https:\/\/www.transparenciaquillota.cl\/index.php?rest_route=\/wp\/v2\/pages\/7753\/revisions\/9176"}],"up":[{"embeddable":true,"href":"https:\/\/www.transparenciaquillota.cl\/index.php?rest_route=\/wp\/v2\/pages\/828"}],"wp:attachment":[{"href":"https:\/\/www.transparenciaquillota.cl\/index.php?rest_route=%2Fwp%2Fv2%2Fmedia&parent=7753"}],"curies":[{"name":"wp","href":"https:\/\/api.w.org\/{rel}","templated":true}]}}