{"id":7758,"date":"2017-02-13T11:17:21","date_gmt":"2017-02-13T14:17:21","guid":{"rendered":"https:\/\/www.transparenciaquillota.cl\/?page_id=7758"},"modified":"2017-09-06T16:45:52","modified_gmt":"2017-09-06T19:45:52","slug":"otras-compras-ano-2017","status":"publish","type":"page","link":"https:\/\/www.transparenciaquillota.cl\/?page_id=7758","title":{"rendered":"Otras Compras a\u00f1o 2017"},"content":{"rendered":"<table border=\"0\" width=\"100%\" cellspacing=\"0\" cellpadding=\"0\">\n<tbody>\n<tr>\n<td>\n<table border=\"0\" width=\"100%\" cellspacing=\"0\" cellpadding=\"6\">\n<tbody>\n<tr>\n<td id=\"titulo18\" bgcolor=\"#ebebeb\">\n<h3>\u00a1Por que si estamos informados podemos tomar mejores decisiones!<\/h3>\n<\/td>\n<\/tr>\n<tr>\n<td id=\"contenido18\">La Ley 20.285 de Acceso a la Informaci\u00f3n P\u00fablica, conocida como Ley de Transparencia se\u00f1ala que todas personas naturales o jur\u00eddicas tienen el derecho de solicitar y recibir informaci\u00f3n de cualquier \u00f3rgano del Estado.<\/td>\n<\/tr>\n<\/tbody>\n<\/table>\n<\/td>\n<\/tr>\n<tr>\n<td>\n<table border=\"0\" width=\"100%\" cellspacing=\"0\" cellpadding=\"6\">\n<tbody>\n<tr>\n<td id=\"titulo19\" bgcolor=\"#ebebeb\">\n<h3>\u00bfPor qu\u00e9 es tan importante acceder a la informaci\u00f3n p\u00fablica?<\/h3>\n<\/td>\n<\/tr>\n<tr>\n<td id=\"contenido19\">* Para CONOCER las actividades de las autoridades y los beneficios que entrega el Estado * Para FISCALIZAR las acciones del Estado, ayudando a prevenir la corrupci\u00f3n de las instituciones y organismos p\u00fablicos * Para EVALUAR las pol\u00edticas p\u00fablicas y el trabajo que realizan las autoridades de Chile<\/td>\n<\/tr>\n<\/tbody>\n<\/table>\n<\/td>\n<\/tr>\n<\/tbody>\n<\/table>\n<p><a href=\"http:\/\/web.quillota.cl\/transparencia\/wp-content\/uploads\/2012\/08\/icono_volver2.png\"><img loading=\"lazy\" decoding=\"async\" title=\"icono_volver\" src=\"http:\/\/web.quillota.cl\/transparencia\/wp-content\/uploads\/2012\/08\/icono_volver2.png\" alt=\"\" width=\"14\" height=\"12\" \/><\/a><a>Volver Atr\u00e1s<\/a><\/p>\n<table border=\"0\" width=\"100%\" cellspacing=\"0\" cellpadding=\"6\">\n<tbody>\n<tr>\n<td id=\"titulo1\" bgcolor=\"#ebebeb\">\n<h4>Municipalidad de Quillota<\/h4>\n<h2>Otras Compras<\/h2>\n<\/td>\n<\/tr>\n<tr>\n<td id=\"contenido\">\n<h4><strong><strong><strong><strong><strong>Menores a 3 UTM<\/strong><\/strong><\/strong><\/strong><\/strong> Ordenadas por A\u00f1o\/Mes<\/h4>\n<table border=\"0\" width=\"800\" cellspacing=\"10\" cellpadding=\"0\">\n<tbody>\n<tr>\n<td rowspan=\"2\">\n<h2>A\u00f1o 2017<\/h2>\n<p><span style=\"color: #000000;\">\u00a0<\/span><\/td>\n<td>\n<p style=\"text-align: center;\"><a href=\"https:\/\/www.transparenciaquillota.cl\/wp-content\/uploads\/2017\/02\/Compra-Menores-a-3-UTM-Enero-2017.pdf\"><span style=\"color: #000000;\"><strong>Enero<\/strong><\/span><\/a><\/p>\n<\/td>\n<td style=\"text-align: center;\"><a href=\"https:\/\/www.transparenciaquillota.cl\/wp-content\/uploads\/2017\/02\/Compra-Inferiores-a-3-UTM-Febrero-2017.pdf\"><span style=\"color: #000000;\"><strong>Febrero<\/strong><\/span><\/a><\/td>\n<td style=\"text-align: center; color: #fff;\"><a href=\"https:\/\/www.transparenciaquillota.cl\/wp-content\/uploads\/2017\/02\/Compras-Inf-a-3-UTM-Marzo-2017.pdf\"><span style=\"background-color: #ffffff; color: #000000;\"><strong>Marzo<\/strong><\/span><\/a><\/td>\n<td style=\"text-align: center; color: #fff;\"><a href=\"https:\/\/www.transparenciaquillota.cl\/wp-content\/uploads\/2017\/02\/Compras-Inf-a-3-UTM-Abril-2017.pdf\"><span style=\"color: #000000;\"><strong>Abril<\/strong><\/span><\/a><\/td>\n<td style=\"text-align: center; color: #fff;\"><a href=\"https:\/\/www.transparenciaquillota.cl\/wp-content\/uploads\/2017\/02\/Compras-Inferiores-a-3-UTM-Mayo.pdf\"><span style=\"color: #000000;\"><strong>Mayo<\/strong><\/span><\/a><\/td>\n<td style=\"text-align: center; color: #fff;\"><a href=\"https:\/\/www.transparenciaquillota.cl\/wp-content\/uploads\/2017\/02\/otras-compras-junio-2017.pdf\" target=\"_blank\" rel=\"noopener\"><strong>Junio<\/strong><\/a><\/td>\n<td style=\"text-align: center; color: #fff;\"><a href=\"https:\/\/www.transparenciaquillota.cl\/wp-content\/uploads\/2017\/02\/Compras-Menores-a-3-UTM-Mes-Julio.pdf\"><span style=\"color: #000000;\"><strong>Julio<\/strong><\/span><\/a><\/td>\n<td style=\"text-align: center; color: #fff;\"><a href=\"https:\/\/www.transparenciaquillota.cl\/wp-content\/uploads\/2017\/02\/3-utm-agosto.pdf\"><span style=\"color: #000000;\"><strong>Agosto<\/strong><\/span><\/a><\/td>\n<td style=\"text-align: center; color: #fff;\"><span style=\"color: #ffffff;\"><strong>Septiembre<\/strong><\/span><\/td>\n<td style=\"text-align: center; color: #fff;\"><span style=\"color: #ffffff;\"><strong>Octubre<\/strong><\/span><\/td>\n<td style=\"text-align: center; color: #fff;\"><span style=\"color: #ffffff;\"><strong>Noviembre<\/strong><\/span><\/td>\n<td>\n<p style=\"text-align: center; color: #fff;\"><span style=\"color: #ffffff;\"><strong>Diciembre<\/strong><\/span><\/p>\n<\/td>\n<\/tr>\n<tr>\n<td><\/td>\n<td><\/td>\n<td><\/td>\n<td><\/td>\n<td><\/td>\n<td><\/td>\n<td><\/td>\n<td><\/td>\n<td><\/td>\n<td><\/td>\n<td><\/td>\n<td><\/td>\n<\/tr>\n<\/tbody>\n<\/table>\n<p><a href=\"https:\/\/www.transparenciaquillota.cl\/?page_id=1072\" target=\"_blank\" rel=\"noopener\">Para consultar Otras Compras de a\u00f1os anteriores, haga click aqu\u00ed<\/a><\/td>\n<\/tr>\n<\/tbody>\n<\/table>\n","protected":false},"excerpt":{"rendered":"<p>\u00a1Por que si estamos informados podemos tomar mejores decisiones! La Ley 20.285 de Acceso a la Informaci\u00f3n P\u00fablica, conocida como Ley de Transparencia se\u00f1ala que todas personas naturales o jur\u00eddicas tienen el derecho de solicitar y recibir informaci\u00f3n de cualquier \u00f3rgano del Estado. \u00bfPor qu\u00e9 es tan importante acceder a la informaci\u00f3n p\u00fablica? * Para <span class=\"excerpt-more\">&rarr;<\/span><\/p>\n","protected":false},"author":1,"featured_media":0,"parent":0,"menu_order":0,"comment_status":"closed","ping_status":"closed","template":"","meta":{"footnotes":""},"class_list":["post-7758","page","type-page","status-publish","hentry"],"_links":{"self":[{"href":"https:\/\/www.transparenciaquillota.cl\/index.php?rest_route=\/wp\/v2\/pages\/7758","targetHints":{"allow":["GET"]}}],"collection":[{"href":"https:\/\/www.transparenciaquillota.cl\/index.php?rest_route=\/wp\/v2\/pages"}],"about":[{"href":"https:\/\/www.transparenciaquillota.cl\/index.php?rest_route=\/wp\/v2\/types\/page"}],"author":[{"embeddable":true,"href":"https:\/\/www.transparenciaquillota.cl\/index.php?rest_route=\/wp\/v2\/users\/1"}],"replies":[{"embeddable":true,"href":"https:\/\/www.transparenciaquillota.cl\/index.php?rest_route=%2Fwp%2Fv2%2Fcomments&post=7758"}],"version-history":[{"count":10,"href":"https:\/\/www.transparenciaquillota.cl\/index.php?rest_route=\/wp\/v2\/pages\/7758\/revisions"}],"predecessor-version":[{"id":9075,"href":"https:\/\/www.transparenciaquillota.cl\/index.php?rest_route=\/wp\/v2\/pages\/7758\/revisions\/9075"}],"wp:attachment":[{"href":"https:\/\/www.transparenciaquillota.cl\/index.php?rest_route=%2Fwp%2Fv2%2Fmedia&parent=7758"}],"curies":[{"name":"wp","href":"https:\/\/api.w.org\/{rel}","templated":true}]}}