{"id":848,"date":"2012-09-03T16:21:25","date_gmt":"2012-09-03T20:21:25","guid":{"rendered":"http:\/\/web.quillota.cl\/transparencia\/?page_id=848"},"modified":"2017-09-21T17:19:10","modified_gmt":"2017-09-21T20:19:10","slug":"vinculos-institucionales-con-otras-entidades","status":"publish","type":"page","link":"https:\/\/www.transparenciaquillota.cl\/?page_id=848","title":{"rendered":"V\u00ednculos Institucionales con otras entidades"},"content":{"rendered":"<table border=\"0\" width=\"100%\" cellspacing=\"0\" cellpadding=\"0\">\n<tbody>\n<tr>\n<td>\n<table border=\"0\" width=\"100%\" cellspacing=\"0\" cellpadding=\"6\">\n<tbody>\n<tr>\n<td id=\"titulo18\" bgcolor=\"#ebebeb\">\n<h3>\u00a1Por que si estamos informados podemos tomar mejores decisiones!<\/h3>\n<\/td>\n<\/tr>\n<tr>\n<td id=\"contenido18\">La Ley 20.285 de Acceso a la Informaci\u00f3n P\u00fablica, conocida como Ley de Transparencia se\u00f1ala que todas personas naturales o jur\u00eddicas tienen el derecho de solicitar y recibir informaci\u00f3n de cualquier \u00f3rgano del Estado.<\/td>\n<\/tr>\n<\/tbody>\n<\/table>\n<\/td>\n<\/tr>\n<tr>\n<td>\n<table border=\"0\" width=\"100%\" cellspacing=\"0\" cellpadding=\"6\">\n<tbody>\n<tr>\n<td id=\"titulo19\" bgcolor=\"#ebebeb\">\n<h3>\u00bfPor qu\u00e9 es tan importante acceder a la informaci\u00f3n p\u00fablica?<\/h3>\n<\/td>\n<\/tr>\n<tr>\n<td id=\"contenido19\">* Para CONOCER las actividades de las autoridades y los beneficios que entrega el Estado * Para FISCALIZAR las acciones del Estado, ayudando a prevenir la corrupci\u00f3n de las instituciones y organismos p\u00fablicos * Para EVALUAR las pol\u00edticas p\u00fablicas y el trabajo que realizan las autoridades de Chile<\/td>\n<\/tr>\n<\/tbody>\n<\/table>\n<\/td>\n<\/tr>\n<\/tbody>\n<\/table>\n<p><a href=\"http:\/\/web.quillota.cl\/transparencia\/wp-content\/uploads\/2012\/08\/icono_volver2.png\"><img loading=\"lazy\" decoding=\"async\" title=\"icono_volver\" src=\"http:\/\/web.quillota.cl\/transparencia\/wp-content\/uploads\/2012\/08\/icono_volver2.png\" alt=\"\" width=\"14\" height=\"12\" \/><\/a><a>Volver Atr\u00e1s<\/a><\/p>\n<table border=\"0\" width=\"100%\" cellspacing=\"0\" cellpadding=\"6\">\n<tbody>\n<tr>\n<td id=\"titulo1\" bgcolor=\"#ebebeb\">\n<h2>V\u00ednculos institucionales con otras entidades<\/h2>\n<\/td>\n<\/tr>\n<tr>\n<td id=\"contenido\">\n<table cellspacing=\"10\" cellpadding=\"0\">\n<colgroup>\n<col width=\"367\" \/>\n<col width=\"119\" \/>\n<col width=\"160\" \/>\n<col width=\"168\" \/>\n<col span=\"2\" width=\"160\" \/>\n<col width=\"181\" \/><\/colgroup>\n<tbody>\n<tr>\n<td style=\"background-color: #4c789d;\" bgcolor=\"#4c789d\" width=\"367\"><span style=\"color: #ffffff;\"><strong style=\"background-color: #4c789d;\">Entidad sobre la que recae el\u00a0derecho de participaci\u00f3n<\/strong><\/span><\/td>\n<td style=\"background-color: #4c789d;\" bgcolor=\"#4c789d\" width=\"119\"><span style=\"color: #ffffff;\"><strong>Tipo de v\u00ednculo<\/strong><\/span><\/td>\n<td style=\"background-color: #4c789d;\" bgcolor=\"#4c789d\" width=\"160\"><span style=\"color: #ffffff;\"><strong>Descripci\u00f3n o detalle del v\u00ednculo<\/strong><\/span><\/td>\n<td style=\"background-color: #4c789d;\" bgcolor=\"#4c789d\" width=\"168\"><span style=\"color: #ffffff;\"><strong>Fecha de inicio<br \/>\n(dd\/mm\/aaaa)<\/strong><\/span><\/td>\n<td style=\"background-color: #4c789d;\" bgcolor=\"#4c789d\" width=\"160\"><span style=\"color: #ffffff;\"><strong>Fecha de t\u00e9rmino<br \/>\n(dd\/mm\/aaaa)<\/strong><\/span><\/td>\n<td style=\"background-color: #4c789d;\" bgcolor=\"#4c789d\" width=\"160\"><span style=\"color: #ffffff;\"><strong>Fuente legal del v\u00ednculo<\/strong><\/span><\/td>\n<td style=\"background-color: #4c789d;\" bgcolor=\"#4c789d\" width=\"181\"><span style=\"color: #ffffff;\"><strong>Enlace a la norma jur\u00eddica o\u00a0convenio que lo justifica<\/strong><\/span><\/td>\n<\/tr>\n<tr>\n<td width=\"367\"><strong>Asociaci\u00f3n Chilena Municipalidades<\/strong><\/td>\n<td width=\"119\">Asociado<\/td>\n<td width=\"160\">Municipio es miembro con derecho a voz y voto. Alcalde representa al Municipio<\/td>\n<td width=\"168\">20\/12\/2012<\/td>\n<td width=\"160\">Indefinido<\/td>\n<td width=\"160\">\n<ul>\n<li><a href=\"http:\/\/web.quillota.cl\/transparencia\/wp-content\/uploads\/2012\/09\/convenio_asoc_chilena_munic.pdf\" target=\"_blank\" rel=\"noopener\"><span style=\"line-height: 19px;\">Convenio<\/span><\/a><\/li>\n<\/ul>\n<\/td>\n<td width=\"181\"><a href=\"http:\/\/www.leychile.cl\/Navegar?idNorma=251693\">Ley N\u00ba 18.695<\/a><\/td>\n<\/tr>\n<tr>\n<td><strong>Asociaci\u00f3n Municipalidades Quinta Regi\u00f3n Cordillera\u00a0<\/strong><\/td>\n<td width=\"119\">Asociado<\/td>\n<td width=\"160\">Municipio es miembro con derecho a voz y voto. Alcalde representa al Municipio<\/td>\n<td width=\"168\">01\/04\/2013<\/td>\n<td width=\"160\">Indefinido<\/td>\n<td width=\"160\">\n<ul>\n<li><a style=\"line-height: 19px;\" href=\"http:\/\/goo.gl\/CRctve\">Convenio parte 1<\/a><\/li>\n<li><a style=\"line-height: 19px;\" href=\"http:\/\/goo.gl\/sXDQXl\">Convenio<\/a>\u00a0<a href=\"http:\/\/goo.gl\/sXDQXl\">parte 2<\/a><\/li>\n<li><a style=\"line-height: 19px;\" href=\"http:\/\/web.quillota.cl\/transparencia\/wp-content\/uploads\/2012\/09\/convenio_asoc_munic_cordillera.pdf\" target=\"_blank\" rel=\"noopener\">Decreto Alcaldicio<\/a><\/li>\n<\/ul>\n<\/td>\n<td width=\"181\"><a href=\"http:\/\/www.leychile.cl\/Navegar?idNorma=251693\">Ley N\u00ba 18.695<\/a><\/td>\n<\/tr>\n<\/tbody>\n<\/table>\n<\/td>\n<\/tr>\n<\/tbody>\n<\/table>\n","protected":false},"excerpt":{"rendered":"<p>\u00a1Por que si estamos informados podemos tomar mejores decisiones! La Ley 20.285 de Acceso a la Informaci\u00f3n P\u00fablica, conocida como Ley de Transparencia se\u00f1ala que todas personas naturales o jur\u00eddicas tienen el derecho de solicitar y recibir informaci\u00f3n de cualquier \u00f3rgano del Estado. \u00bfPor qu\u00e9 es tan importante acceder a la informaci\u00f3n p\u00fablica? * Para <span class=\"excerpt-more\">&rarr;<\/span><\/p>\n","protected":false},"author":1,"featured_media":0,"parent":0,"menu_order":0,"comment_status":"closed","ping_status":"closed","template":"","meta":{"footnotes":""},"class_list":["post-848","page","type-page","status-publish","hentry"],"_links":{"self":[{"href":"https:\/\/www.transparenciaquillota.cl\/index.php?rest_route=\/wp\/v2\/pages\/848","targetHints":{"allow":["GET"]}}],"collection":[{"href":"https:\/\/www.transparenciaquillota.cl\/index.php?rest_route=\/wp\/v2\/pages"}],"about":[{"href":"https:\/\/www.transparenciaquillota.cl\/index.php?rest_route=\/wp\/v2\/types\/page"}],"author":[{"embeddable":true,"href":"https:\/\/www.transparenciaquillota.cl\/index.php?rest_route=\/wp\/v2\/users\/1"}],"replies":[{"embeddable":true,"href":"https:\/\/www.transparenciaquillota.cl\/index.php?rest_route=%2Fwp%2Fv2%2Fcomments&post=848"}],"version-history":[{"count":27,"href":"https:\/\/www.transparenciaquillota.cl\/index.php?rest_route=\/wp\/v2\/pages\/848\/revisions"}],"predecessor-version":[{"id":9138,"href":"https:\/\/www.transparenciaquillota.cl\/index.php?rest_route=\/wp\/v2\/pages\/848\/revisions\/9138"}],"wp:attachment":[{"href":"https:\/\/www.transparenciaquillota.cl\/index.php?rest_route=%2Fwp%2Fv2%2Fmedia&parent=848"}],"curies":[{"name":"wp","href":"https:\/\/api.w.org\/{rel}","templated":true}]}}