{"id":854,"date":"2012-09-04T08:37:57","date_gmt":"2012-09-04T12:37:57","guid":{"rendered":"http:\/\/web.quillota.cl\/transparencia\/?page_id=854"},"modified":"2016-03-18T08:58:54","modified_gmt":"2016-03-18T11:58:54","slug":"costos-de-reproduccion","status":"publish","type":"page","link":"https:\/\/www.transparenciaquillota.cl\/?page_id=854","title":{"rendered":"Costos de Reproducci\u00f3n"},"content":{"rendered":"<table border=\"0\" width=\"100%\" cellspacing=\"0\" cellpadding=\"0\">\n<tbody>\n<tr>\n<td>\n<table border=\"0\" width=\"100%\" cellspacing=\"0\" cellpadding=\"6\">\n<tbody>\n<tr>\n<td id=\"titulo18\" bgcolor=\"#EBEBEB\">\n<h3>\u00a1Por que si estamos informados podemos tomar mejores decisiones!<\/h3>\n<\/td>\n<\/tr>\n<tr>\n<td id=\"contenido18\">La Ley 20.285 de Acceso a la Informaci\u00f3n P\u00fablica, conocida como Ley de Transparencia se\u00f1ala que todas personas naturales o jur\u00eddicas tienen el derecho de solicitar y recibir informaci\u00f3n de cualquier \u00f3rgano del Estado.<\/td>\n<\/tr>\n<\/tbody>\n<\/table>\n<\/td>\n<\/tr>\n<tr>\n<td>\n<table border=\"0\" width=\"100%\" cellspacing=\"0\" cellpadding=\"6\">\n<tbody>\n<tr>\n<td id=\"titulo19\" bgcolor=\"#EBEBEB\">\n<h3>\u00bfPor qu\u00e9 es tan importante acceder a la informaci\u00f3n p\u00fablica?<\/h3>\n<\/td>\n<\/tr>\n<tr>\n<td id=\"contenido19\">* Para CONOCER las actividades de las autoridades y los beneficios que entrega el Estado * Para FISCALIZAR las acciones del Estado, ayudando a prevenir la corrupci\u00f3n de las instituciones y organismos p\u00fablicos * Para EVALUAR las pol\u00edticas p\u00fablicas y el trabajo que realizan las autoridades de Chile<\/td>\n<\/tr>\n<\/tbody>\n<\/table>\n<\/td>\n<\/tr>\n<\/tbody>\n<\/table>\n<table border=\"0\" width=\"100%\" cellspacing=\"0\" cellpadding=\"6\">\n<tbody>\n<tr>\n<td id=\"titulo15\" bgcolor=\"#EBEBEB\">\n<h2>Costos de Reproducci\u00f3n<\/h2>\n<\/td>\n<\/tr>\n<tr>\n<td id=\"contenido15\">\n<p><a href=\"http:\/\/web.quillota.cl\/transparencia\/wp-content\/uploads\/ordenanzas\/ord5049.pdf\" target=\"_blank\">Ordenanza que establece los costos de reproducci\u00f3n<\/a><\/p>\n<p><a href=\"http:\/\/web.quillota.cl\/transparencia\/wp-content\/uploads\/docs\/costos_de_reproduccion.pdf\" target=\"_blank\">Valor del costo de reproducci\u00f3n<\/a><\/p>\n<\/td>\n<\/tr>\n<\/tbody>\n<\/table>\n","protected":false},"excerpt":{"rendered":"<p>\u00a1Por que si estamos informados podemos tomar mejores decisiones! La Ley 20.285 de Acceso a la Informaci\u00f3n P\u00fablica, conocida como Ley de Transparencia se\u00f1ala que todas personas naturales o jur\u00eddicas tienen el derecho de solicitar y recibir informaci\u00f3n de cualquier \u00f3rgano del Estado. \u00bfPor qu\u00e9 es tan importante acceder a la informaci\u00f3n p\u00fablica? * Para <span class=\"excerpt-more\">&rarr;<\/span><\/p>\n","protected":false},"author":1,"featured_media":0,"parent":0,"menu_order":0,"comment_status":"closed","ping_status":"closed","template":"","meta":{"footnotes":""},"class_list":["post-854","page","type-page","status-publish","hentry"],"_links":{"self":[{"href":"https:\/\/www.transparenciaquillota.cl\/index.php?rest_route=\/wp\/v2\/pages\/854","targetHints":{"allow":["GET"]}}],"collection":[{"href":"https:\/\/www.transparenciaquillota.cl\/index.php?rest_route=\/wp\/v2\/pages"}],"about":[{"href":"https:\/\/www.transparenciaquillota.cl\/index.php?rest_route=\/wp\/v2\/types\/page"}],"author":[{"embeddable":true,"href":"https:\/\/www.transparenciaquillota.cl\/index.php?rest_route=\/wp\/v2\/users\/1"}],"replies":[{"embeddable":true,"href":"https:\/\/www.transparenciaquillota.cl\/index.php?rest_route=%2Fwp%2Fv2%2Fcomments&post=854"}],"version-history":[{"count":12,"href":"https:\/\/www.transparenciaquillota.cl\/index.php?rest_route=\/wp\/v2\/pages\/854\/revisions"}],"predecessor-version":[{"id":5918,"href":"https:\/\/www.transparenciaquillota.cl\/index.php?rest_route=\/wp\/v2\/pages\/854\/revisions\/5918"}],"wp:attachment":[{"href":"https:\/\/www.transparenciaquillota.cl\/index.php?rest_route=%2Fwp%2Fv2%2Fmedia&parent=854"}],"curies":[{"name":"wp","href":"https:\/\/api.w.org\/{rel}","templated":true}]}}