{"id":9196,"date":"2017-09-25T13:55:14","date_gmt":"2017-09-25T16:55:14","guid":{"rendered":"https:\/\/www.transparenciaquillota.cl\/?page_id=9196"},"modified":"2017-09-25T14:37:10","modified_gmt":"2017-09-25T17:37:10","slug":"escala-de-remuneraciones-ano-2017","status":"publish","type":"page","link":"https:\/\/www.transparenciaquillota.cl\/?page_id=9196","title":{"rendered":"Escala de Remuneraciones a\u00f1o 2017"},"content":{"rendered":"<table border=\"0\" width=\"100%\" cellspacing=\"0\" cellpadding=\"0\">\n<tbody>\n<tr>\n<td>\n<table border=\"0\" width=\"100%\" cellspacing=\"0\" cellpadding=\"6\">\n<tbody>\n<tr>\n<td id=\"titulo18\" bgcolor=\"#ebebeb\">\n<h3>\u00a1Por que si estamos informados podemos tomar mejores decisiones!<\/h3>\n<\/td>\n<\/tr>\n<tr>\n<td id=\"contenido18\">La Ley 20.285 de Acceso a la Informaci\u00f3n P\u00fablica, conocida como Ley de Transparencia se\u00f1ala que todas personas naturales o jur\u00eddicas tienen el derecho de solicitar y recibir informaci\u00f3n de cualquier \u00f3rgano del Estado.<\/td>\n<\/tr>\n<\/tbody>\n<\/table>\n<\/td>\n<\/tr>\n<tr>\n<td>\n<table border=\"0\" width=\"100%\" cellspacing=\"0\" cellpadding=\"6\">\n<tbody>\n<tr>\n<td id=\"titulo19\" bgcolor=\"#ebebeb\">\n<h3>\u00bfPor qu\u00e9 es tan importante acceder a la informaci\u00f3n p\u00fablica?<\/h3>\n<\/td>\n<\/tr>\n<tr>\n<td id=\"contenido19\">* Para CONOCER las actividades de las autoridades y los beneficios que entrega el Estado * Para FISCALIZAR las acciones del Estado, ayudando a prevenir la corrupci\u00f3n de las instituciones y organismos p\u00fablicos * Para EVALUAR las pol\u00edticas p\u00fablicas y el trabajo que realizan las autoridades de Chile<\/td>\n<\/tr>\n<\/tbody>\n<\/table>\n<\/td>\n<\/tr>\n<\/tbody>\n<\/table>\n<p><a href=\"https:\/\/www.transparenciaquillota.cl\/wp-content\/uploads\/2012\/08\/icono_volver2.png\"><img loading=\"lazy\" decoding=\"async\" title=\"icono_volver\" src=\"https:\/\/www.transparenciaquillota.cl\/wp-content\/uploads\/2012\/08\/icono_volver2.png\" alt=\"\" width=\"14\" height=\"12\" \/><\/a><a>Volver Atr\u00e1s<\/a><\/p>\n<table border=\"0\" width=\"100%\" cellspacing=\"0\" cellpadding=\"6\">\n<tbody>\n<tr>\n<td id=\"titulo1\" bgcolor=\"#ebebeb\">\n<h3>Personal y Remuneraciones<\/h3>\n<h2>Escala de Remuneraciones a\u00f1o 2017<\/h2>\n<\/td>\n<\/tr>\n<tr>\n<td id=\"contenido\">\n<ul>\n<li><a href=\"https:\/\/www.transparenciaquillota.cl\/wp-content\/uploads\/2017\/09\/escala-de-remuneraciones-municipalidad-2017.pdf\" target=\"_blank\" rel=\"noopener\"><strong>Escala de Remuneraciones Municipalidad<\/strong><\/a><\/li>\n<li><a href=\"https:\/\/www.transparenciaquillota.cl\/wp-content\/uploads\/2017\/09\/escala-remuneraciones-daem.pdf\" target=\"_blank\" rel=\"noopener\"><strong>Escala de Remuneraciones Departamento de Educaci\u00f3n<\/strong><\/a><\/li>\n<li><a href=\"https:\/\/www.transparenciaquillota.cl\/wp-content\/uploads\/2017\/09\/escala-remuneraciones-salud-2017.pdf\" target=\"_blank\" rel=\"noopener\"><strong>Escala de Remuneraciones Departamento de Salud<\/strong><\/a><\/li>\n<\/ul>\n<\/td>\n<\/tr>\n<\/tbody>\n<\/table>\n","protected":false},"excerpt":{"rendered":"<p>\u00a1Por que si estamos informados podemos tomar mejores decisiones! La Ley 20.285 de Acceso a la Informaci\u00f3n P\u00fablica, conocida como Ley de Transparencia se\u00f1ala que todas personas naturales o jur\u00eddicas tienen el derecho de solicitar y recibir informaci\u00f3n de cualquier \u00f3rgano del Estado. \u00bfPor qu\u00e9 es tan importante acceder a la informaci\u00f3n p\u00fablica? * Para <span class=\"excerpt-more\">&rarr;<\/span><\/p>\n","protected":false},"author":1,"featured_media":0,"parent":813,"menu_order":0,"comment_status":"closed","ping_status":"closed","template":"","meta":{"footnotes":""},"class_list":["post-9196","page","type-page","status-publish","hentry"],"_links":{"self":[{"href":"https:\/\/www.transparenciaquillota.cl\/index.php?rest_route=\/wp\/v2\/pages\/9196","targetHints":{"allow":["GET"]}}],"collection":[{"href":"https:\/\/www.transparenciaquillota.cl\/index.php?rest_route=\/wp\/v2\/pages"}],"about":[{"href":"https:\/\/www.transparenciaquillota.cl\/index.php?rest_route=\/wp\/v2\/types\/page"}],"author":[{"embeddable":true,"href":"https:\/\/www.transparenciaquillota.cl\/index.php?rest_route=\/wp\/v2\/users\/1"}],"replies":[{"embeddable":true,"href":"https:\/\/www.transparenciaquillota.cl\/index.php?rest_route=%2Fwp%2Fv2%2Fcomments&post=9196"}],"version-history":[{"count":6,"href":"https:\/\/www.transparenciaquillota.cl\/index.php?rest_route=\/wp\/v2\/pages\/9196\/revisions"}],"predecessor-version":[{"id":9206,"href":"https:\/\/www.transparenciaquillota.cl\/index.php?rest_route=\/wp\/v2\/pages\/9196\/revisions\/9206"}],"up":[{"embeddable":true,"href":"https:\/\/www.transparenciaquillota.cl\/index.php?rest_route=\/wp\/v2\/pages\/813"}],"wp:attachment":[{"href":"https:\/\/www.transparenciaquillota.cl\/index.php?rest_route=%2Fwp%2Fv2%2Fmedia&parent=9196"}],"curies":[{"name":"wp","href":"https:\/\/api.w.org\/{rel}","templated":true}]}}