{"id":9209,"date":"2017-09-25T22:57:46","date_gmt":"2017-09-26T01:57:46","guid":{"rendered":"https:\/\/www.transparenciaquillota.cl\/?page_id=9209"},"modified":"2017-09-25T23:29:38","modified_gmt":"2017-09-26T02:29:38","slug":"organigrama-municipal","status":"publish","type":"page","link":"https:\/\/www.transparenciaquillota.cl\/?page_id=9209","title":{"rendered":"Organigrama Municipal"},"content":{"rendered":"<table border=\"0\" width=\"100%\" cellspacing=\"0\" cellpadding=\"0\">\n<tbody>\n<tr>\n<td>\n<table border=\"0\" width=\"100%\" cellspacing=\"0\" cellpadding=\"6\">\n<tbody>\n<tr>\n<td id=\"titulo18\" bgcolor=\"#ebebeb\">\n<h3>\u00a1Por que si estamos informados podemos tomar mejores decisiones!<\/h3>\n<\/td>\n<\/tr>\n<tr>\n<td id=\"contenido18\">La Ley 20.285 de Acceso a la Informaci\u00f3n P\u00fablica, conocida como Ley de Transparencia se\u00f1ala que todas personas naturales o jur\u00eddicas tienen el derecho de solicitar y recibir informaci\u00f3n de cualquier \u00f3rgano del Estado.<\/td>\n<\/tr>\n<\/tbody>\n<\/table>\n<\/td>\n<\/tr>\n<tr>\n<td>\n<table border=\"0\" width=\"100%\" cellspacing=\"0\" cellpadding=\"6\">\n<tbody>\n<tr>\n<td id=\"titulo19\" bgcolor=\"#ebebeb\">\n<h3>\u00bfPor qu\u00e9 es tan importante acceder a la informaci\u00f3n p\u00fablica?<\/h3>\n<\/td>\n<\/tr>\n<tr>\n<td id=\"contenido19\">* Para CONOCER las actividades de las autoridades y los beneficios que entrega el Estado * Para FISCALIZAR las acciones del Estado, ayudando a prevenir la corrupci\u00f3n de las instituciones y organismos p\u00fablicos * Para EVALUAR las pol\u00edticas p\u00fablicas y el trabajo que realizan las autoridades de Chile<\/td>\n<\/tr>\n<\/tbody>\n<\/table>\n<\/td>\n<\/tr>\n<\/tbody>\n<\/table>\n<p><a href=\"https:\/\/www.transparenciaquillota.cl\/wp-content\/uploads\/2012\/08\/icono_volver2.png\"><img loading=\"lazy\" decoding=\"async\" title=\"icono_volver\" src=\"https:\/\/www.transparenciaquillota.cl\/wp-content\/uploads\/2012\/08\/icono_volver2.png\" alt=\"\" width=\"14\" height=\"12\" \/><\/a><a>Volver Atr\u00e1s<\/a><\/p>\n<table border=\"0\" width=\"100%\" cellspacing=\"0\" cellpadding=\"6\">\n<tbody>\n<tr>\n<td id=\"titulo1\" bgcolor=\"#ebebeb\">\n<h2>Organigrama Municipal<\/h2>\n<\/td>\n<\/tr>\n<tr>\n<td id=\"contenido\">\u00a0[pdfviewer width=\u00bb940px\u00bb height=\u00bb520px\u00bb beta=\u00bbtrue\/false\u00bb]https:\/\/www.transparenciaquillota.cl\/wp-content\/uploads\/2017\/09\/ORGANIGRAMA-2016-.pdf[\/pdfviewer]<\/td>\n<\/tr>\n<\/tbody>\n<\/table>\n","protected":false},"excerpt":{"rendered":"<p>\u00a1Por que si estamos informados podemos tomar mejores decisiones! La Ley 20.285 de Acceso a la Informaci\u00f3n P\u00fablica, conocida como Ley de Transparencia se\u00f1ala que todas personas naturales o jur\u00eddicas tienen el derecho de solicitar y recibir informaci\u00f3n de cualquier \u00f3rgano del Estado. \u00bfPor qu\u00e9 es tan importante acceder a la informaci\u00f3n p\u00fablica? * Para <span class=\"excerpt-more\">&rarr;<\/span><\/p>\n","protected":false},"author":1,"featured_media":0,"parent":0,"menu_order":0,"comment_status":"closed","ping_status":"closed","template":"","meta":{"footnotes":""},"class_list":["post-9209","page","type-page","status-publish","hentry"],"_links":{"self":[{"href":"https:\/\/www.transparenciaquillota.cl\/index.php?rest_route=\/wp\/v2\/pages\/9209","targetHints":{"allow":["GET"]}}],"collection":[{"href":"https:\/\/www.transparenciaquillota.cl\/index.php?rest_route=\/wp\/v2\/pages"}],"about":[{"href":"https:\/\/www.transparenciaquillota.cl\/index.php?rest_route=\/wp\/v2\/types\/page"}],"author":[{"embeddable":true,"href":"https:\/\/www.transparenciaquillota.cl\/index.php?rest_route=\/wp\/v2\/users\/1"}],"replies":[{"embeddable":true,"href":"https:\/\/www.transparenciaquillota.cl\/index.php?rest_route=%2Fwp%2Fv2%2Fcomments&post=9209"}],"version-history":[{"count":3,"href":"https:\/\/www.transparenciaquillota.cl\/index.php?rest_route=\/wp\/v2\/pages\/9209\/revisions"}],"predecessor-version":[{"id":9220,"href":"https:\/\/www.transparenciaquillota.cl\/index.php?rest_route=\/wp\/v2\/pages\/9209\/revisions\/9220"}],"wp:attachment":[{"href":"https:\/\/www.transparenciaquillota.cl\/index.php?rest_route=%2Fwp%2Fv2%2Fmedia&parent=9209"}],"curies":[{"name":"wp","href":"https:\/\/api.w.org\/{rel}","templated":true}]}}