{"id":947,"date":"2012-09-28T09:36:30","date_gmt":"2012-09-28T13:36:30","guid":{"rendered":"http:\/\/web.quillota.cl\/transparencia\/?page_id=947"},"modified":"2016-08-29T10:58:36","modified_gmt":"2016-08-29T13:58:36","slug":"potestades-competencias-responsabilidades-funciones-atribuciones-y-tareas-del-organismo","status":"publish","type":"page","link":"https:\/\/www.transparenciaquillota.cl\/?page_id=947","title":{"rendered":"Potestades, competencias, responsabilidades, funciones, atribuciones y tareas del organismo"},"content":{"rendered":"<p><a href=\"http:\/\/web.quillota.cl\/transparencia\/wp-content\/uploads\/2012\/08\/icono_volver2.png\"><img loading=\"lazy\" decoding=\"async\" title=\"icono_volver\" src=\"http:\/\/web.quillota.cl\/transparencia\/wp-content\/uploads\/2012\/08\/icono_volver2.png\" alt=\"\" width=\"14\" height=\"12\" \/><\/a><a>Volver Atr\u00e1s<br \/>\n<\/a><\/p>\n<h2>Potestades, competencias, responsabilidades, funciones, atribuciones y tareas del organismo<\/h2>\n<table width=\"100%\">\n<tbody>\n<tr>\n<td><strong>Denominaci\u00f3n<\/strong><\/td>\n<td><strong>Potestades<\/strong><\/td>\n<td><strong>Fuente Legal<\/strong><\/td>\n<td><strong>Enlace<\/strong><\/td>\n<\/tr>\n<tr>\n<td>POTESTADES, COMPETENCIAS, RESPONSABILIDADES, FUNCIONES O TAREAS<\/td>\n<td>Ejercer \u00a0la administraci\u00f3n local de la Comuna, satisfacer las necesidades de la comunidad local y asegurar su participaci\u00f3n en el progreso econ\u00f3mico, social y cultural de la comuna<\/td>\n<td>Art. 1 Ley 18.695, Org\u00e1nica Constitucional de Municipalidades.<\/td>\n<td width=\"25%\"><a href=\"http:\/\/web.quillota.cl\/transparencia\/wp-content\/uploads\/docs\/dfl_1_26-jul_2006ley.pdf\">ENLACE<\/a><\/td>\n<\/tr>\n<tr>\n<td>Funciones privativas<\/td>\n<td>Elaborar y aprobar y modificar el plan comunal de desarrollo cuya aplicaci\u00f3n deber\u00e1 armonizar con los planes regionales y nacionales<\/td>\n<td>Art.3\u00ba letra a) Ley 18.695, Org\u00e1nica Constitucional de Municipalidades<\/td>\n<td width=\"25%\"><a href=\"http:\/\/web.quillota.cl\/transparencia\/wp-content\/uploads\/docs\/dfl_1_26-jul_2006ley.pdf\">ENLACE<\/a><\/td>\n<\/tr>\n<tr>\n<td>Funciones privativas<\/td>\n<td>La planificaci\u00f3n y regulaci\u00f3n de la comuna y la confecci\u00f3n del plan regulador comunal, de acuerdo con las normas legales vigentes<\/td>\n<td>Art.3\u00ba letra b) Ley 18.695, Org\u00e1nica Constitucional de Municipalidades<\/td>\n<td width=\"25%\"><a href=\"http:\/\/web.quillota.cl\/transparencia\/wp-content\/uploads\/docs\/dfl_1_26-jul_2006ley.pdf\">ENLACE<\/a><\/td>\n<\/tr>\n<tr>\n<td>Funciones privativas<\/td>\n<td>La promoci\u00f3n del desarrollo comunitario<\/td>\n<td>Art.3\u00ba letra c) Ley 18.695, Org\u00e1nica Constitucional de Municipalidades<\/td>\n<td width=\"25%\"><a href=\"http:\/\/web.quillota.cl\/transparencia\/wp-content\/uploads\/docs\/dfl_1_26-jul_2006ley.pdf\">ENLACE<\/a><\/td>\n<\/tr>\n<tr>\n<td>Funciones privativas<\/td>\n<td>Aplicar las disposiciones sobre transporte y\u00a0 tr\u00e1nsito p\u00fablico, dentro de la comuna, en la forma que determinen\u00a0 las leyes y normas t\u00e9cnicas de car\u00e1cter general que dicte el ministerio respectivo<\/td>\n<td>Art.3\u00ba letra d) Ley 18.695, Org\u00e1nica Constitucional de Municipalidades<\/td>\n<td width=\"25%\"><a href=\"http:\/\/web.quillota.cl\/transparencia\/wp-content\/uploads\/docs\/dfl_1_26-jul_2006ley.pdf\">ENLACE<\/a><\/td>\n<\/tr>\n<tr>\n<td>Funciones privativas<\/td>\n<td>Aplicar las disposiciones sobre construcci\u00f3n y urbanizaci\u00f3n, en la forma que determinen las leyes, sujet\u00e1ndose a las normas\u00a0 t\u00e9cnicas de car\u00e1cter general que dicte el ministerio respectivo, y<\/td>\n<td>Art.3\u00ba letra e) Ley 18.695, Org\u00e1nica Constitucional de Municipalidades<\/td>\n<td width=\"25%\"><a href=\"http:\/\/web.quillota.cl\/transparencia\/wp-content\/uploads\/docs\/dfl_1_26-jul_2006ley.pdf\">ENLACE<\/a><\/td>\n<\/tr>\n<tr>\n<td>Funciones privativas<\/td>\n<td>El aseo y\u00a0 el ornato de la comuna<\/td>\n<td>Art.3\u00ba letra f) Ley 18.695, Org\u00e1nica Constitucional de Municipalidades<\/td>\n<td width=\"25%\"><a href=\"http:\/\/web.quillota.cl\/transparencia\/wp-content\/uploads\/docs\/dfl_1_26-jul_2006ley.pdf\">ENLACE<\/a><\/td>\n<\/tr>\n<tr>\n<td>Funciones facultativas a desarrollar en el \u00e1mbito de su territorio, directamente o con otros \u00f3rganos de la administraci\u00f3n del Estado<\/td>\n<td>La educaci\u00f3n\u00a0 y la cultura<\/td>\n<td>Art.4\u00ba letra a) Ley 18.695, Org\u00e1nica Constitucional de Municipalidades<\/td>\n<td width=\"25%\"><a href=\"http:\/\/web.quillota.cl\/transparencia\/wp-content\/uploads\/docs\/dfl_1_26-jul_2006ley.pdf\">ENLACE<\/a><\/td>\n<\/tr>\n<tr>\n<td>Funciones facultativas a desarrollar en el \u00e1mbito de su territorio, directamente o con otros \u00f3rganos de la administraci\u00f3n del Estado<\/td>\n<td>La salud p\u00fablica y la protecci\u00f3n del medio ambiente<\/td>\n<td>Art.4\u00ba letra b) Ley 18.695, Org\u00e1nica Constitucional de Municipalidades<\/td>\n<td width=\"25%\"><a href=\"http:\/\/web.quillota.cl\/transparencia\/wp-content\/uploads\/docs\/dfl_1_26-jul_2006ley.pdf\">ENLACE<\/a><\/td>\n<\/tr>\n<tr>\n<td>Funciones facultativas a desarrollar en el \u00e1mbito de su territorio, directamente o con otros \u00f3rganos de la administraci\u00f3n del Estado<\/td>\n<td>La asistencia social y jur\u00eddica<\/td>\n<td>Art.4\u00ba letra c) Ley 18.695, Org\u00e1nica Constitucional de Municipalidades<\/td>\n<td width=\"25%\"><a href=\"http:\/\/web.quillota.cl\/transparencia\/wp-content\/uploads\/docs\/dfl_1_26-jul_2006ley.pdf\">ENLACE<\/a><\/td>\n<\/tr>\n<tr>\n<td>Funciones facultativas a desarrollar en el \u00e1mbito de su territorio, directamente o con otros \u00f3rganos de la administraci\u00f3n del Estado<\/td>\n<td>La capacitaci\u00f3n, la promoci\u00f3n del empleo y el fomento productivo<\/td>\n<td>Art.4\u00ba letra d) Ley 18.695, Org\u00e1nica Constitucional de Municipalidades<\/td>\n<td width=\"25%\"><a href=\"http:\/\/web.quillota.cl\/transparencia\/wp-content\/uploads\/docs\/dfl_1_26-jul_2006ley.pdf\">ENLACE<\/a><\/td>\n<\/tr>\n<tr>\n<td>Funciones facultativas a desarrollar en el \u00e1mbito de su territorio, directamente o con otros \u00f3rganos de la administraci\u00f3n del Estado<\/td>\n<td>El turismo, el deporte y la recreaci\u00f3n<\/td>\n<td>Art.4\u00ba letra e) Ley 18.695, Org\u00e1nica Constitucional de Municipalidades<\/td>\n<td width=\"25%\"><a href=\"http:\/\/web.quillota.cl\/transparencia\/wp-content\/uploads\/docs\/dfl_1_26-jul_2006ley.pdf\">ENLACE<\/a><\/td>\n<\/tr>\n<tr>\n<td>Funciones facultativas a desarrollar en el \u00e1mbito de su territorio, directamente o con otros \u00f3rganos de la administraci\u00f3n del Estado<\/td>\n<td>La urbanizaci\u00f3n y la vialidad urbana y rural<\/td>\n<td>Art.4\u00ba letra f) Ley 18.695, Org\u00e1nica Constitucional de Municipalidades<\/td>\n<td width=\"25%\"><a href=\"http:\/\/web.quillota.cl\/transparencia\/wp-content\/uploads\/docs\/dfl_1_26-jul_2006ley.pdf\">ENLACE<\/a><\/td>\n<\/tr>\n<tr>\n<td>Funciones facultativas a desarrollar en el \u00e1mbito de su territorio, directamente o con otros \u00f3rganos de la administraci\u00f3n del Estado<\/td>\n<td>La construcci\u00f3n de vivienda e infraestructuras sanitarias<\/td>\n<td>Art.4\u00ba letra g) Ley 18.695, Org\u00e1nica Constitucional de Municipalidades<\/td>\n<td width=\"25%\"><a href=\"http:\/\/web.quillota.cl\/transparencia\/wp-content\/uploads\/docs\/dfl_1_26-jul_2006ley.pdf\">ENLACE<\/a><\/td>\n<\/tr>\n<tr>\n<td>Funciones facultativas a desarrollar en el \u00e1mbito de su territorio, directamente o con otros \u00f3rganos de la administraci\u00f3n del Estado<\/td>\n<td>El transporte y tr\u00e1nsito p\u00fablicos<\/td>\n<td>Art.4\u00ba letra h) Ley 18.695, Org\u00e1nica Constitucional de Municipalidades<\/td>\n<td width=\"25%\"><a href=\"http:\/\/web.quillota.cl\/transparencia\/wp-content\/uploads\/docs\/dfl_1_26-jul_2006ley.pdf\">ENLACE<\/a><\/td>\n<\/tr>\n<tr>\n<td>Funciones facultativas a desarrollar en el \u00e1mbito de su territorio, directamente o con otros \u00f3rganos de la administraci\u00f3n del Estado<\/td>\n<td>La prevenci\u00f3n de riesgo y la prestaci\u00f3n de auxilio en situaciones de emergencias y cat\u00e1strofes<\/td>\n<td>Art.4\u00ba letra i) Ley 18.695, Org\u00e1nica Constitucional de Municipalidades<\/td>\n<td width=\"25%\"><a href=\"http:\/\/web.quillota.cl\/transparencia\/wp-content\/uploads\/docs\/dfl_1_26-jul_2006ley.pdf\">ENLACE<\/a><\/td>\n<\/tr>\n<tr>\n<td>Funciones facultativas a desarrollar en el \u00e1mbito de su territorio, directamente o con otros \u00f3rganos de la administraci\u00f3n del Estado<\/td>\n<td>El apoyo y el fomento de medidas de prevenci\u00f3n en materia de seguridad ciudadana y colaborar en su implementaci\u00f3n, sin perjuicio de lo dispuesto en el inciso segundo del art\u00edculo 101 de la Constituci\u00f3n\u00a0 Pol\u00edtica.<\/td>\n<td>Art.4\u00ba letra j) Ley 18.695, Org\u00e1nica Constitucional de Municipalidades<\/td>\n<td width=\"25%\"><a href=\"http:\/\/web.quillota.cl\/transparencia\/wp-content\/uploads\/docs\/dfl_1_26-jul_2006ley.pdf\">ENLACE<\/a><\/td>\n<\/tr>\n<tr>\n<td>Funciones facultativas a desarrollar en el \u00e1mbito de su territorio, directamente o con otros \u00f3rganos de la administraci\u00f3n del Estado<\/td>\n<td>La promoci\u00f3n de la igualdad de oportunidades entre hombres y mujeres<\/td>\n<td>Art.4\u00ba letra k) Ley 18.695, Org\u00e1nica Constitucional de Municipalidades<\/td>\n<td width=\"25%\"><a href=\"http:\/\/web.quillota.cl\/transparencia\/wp-content\/uploads\/docs\/dfl_1_26-jul_2006ley.pdf\">ENLACE<\/a><\/td>\n<\/tr>\n<tr>\n<td>Funciones facultativas a desarrollar en el \u00e1mbito de su territorio, directamente o con otros \u00f3rganos de la administraci\u00f3n del Estado<\/td>\n<td>El desarrollo de actividades de inter\u00e9s com\u00fan en el \u00e1mbito local<\/td>\n<td>Art.4\u00ba letra l) Ley 18.695, Org\u00e1nica Constitucional de Municipalidades<\/td>\n<td width=\"25%\"><a href=\"http:\/\/web.quillota.cl\/transparencia\/wp-content\/uploads\/docs\/dfl_1_26-jul_2006ley.pdf\">ENLACE<\/a><\/td>\n<\/tr>\n<tr>\n<td>Atribuciones esenciales<\/td>\n<td>Ejecutar el plan comunal de desarrollo y los programas necesarios para su cumplimiento<\/td>\n<td>Art.5\u00ba letra a) Ley 18.695, Org\u00e1nica Constitucional de Municipalidades<\/td>\n<td width=\"25%\"><a href=\"http:\/\/web.quillota.cl\/transparencia\/wp-content\/uploads\/docs\/dfl_1_26-jul_2006ley.pdf\">ENLACE<\/a><\/td>\n<\/tr>\n<tr>\n<td>Atribuciones esenciales<\/td>\n<td>Elaborar, aprobar, modificar y ejecutar el presupuesto\u00a0 municipal<\/td>\n<td>Art.5\u00ba letra b) Ley 18.695, Org\u00e1nica Constitucional de Municipalidades<\/td>\n<td><a href=\"http:\/\/web.quillota.cl\/transparencia\/wp-content\/uploads\/docs\/dfl_1_26-jul_2006ley.pdf\">ENLACE<\/a><\/td>\n<\/tr>\n<tr>\n<td>Atribuciones esenciales<\/td>\n<td>Administrar los bienes municipales y nacionales de uso p\u00fablico, incluido su\u00a0 subsuelo, existentes en la comuna, salvo que, en atenci\u00f3n a su naturaleza o fines y de conformidad a la ley, la administraci\u00f3n de estos \u00faltimos corresponda\u00a0 a otros \u00f3rganos de la administraci\u00f3n del estado, en ejercicio de esta atribuci\u00f3n, le corresponder\u00e1 previo informe del Consejo Econ\u00f3mico y social, de la comuna, asignar y cambiar la denominaci\u00f3n\u00a0 de tales bienes. Asimismo, con el, acuerdo de los dos tercios de los concejales en ejercicio, podr\u00e1 hacer uso de esta atribuci\u00f3n respecto de poblaciones, barrios y conjuntos habitacionales, en el territorio bajo su administraci\u00f3n<\/p>\n<p>Autorizar, por un plazo cinco a\u00f1os, el cierre o medidas de control de acceso a calles y pasajes, o a conjuntos habitacionales urbanos o rurales con una misma v\u00eda de acceso y salida, con el objeto de garantizar la seguridad de los vecinos.<\/td>\n<td>Art.5\u00ba letra c) Ley 18.695, Org\u00e1nica Constitucional de Municipalidades<\/td>\n<td><a href=\"http:\/\/web.quillota.cl\/transparencia\/wp-content\/uploads\/docs\/dfl_1_26-jul_2006ley.pdf\">ENLACE<\/a><\/td>\n<\/tr>\n<tr>\n<td>Atribuciones esenciales<\/td>\n<td>Dictar resoluciones obligatorias con car\u00e1cter general o particular<\/td>\n<td>Art.5\u00ba letra d) Ley 18.695, Org\u00e1nica Constitucional de Municipalidades<\/td>\n<td><a href=\"http:\/\/web.quillota.cl\/transparencia\/wp-content\/uploads\/docs\/dfl_1_26-jul_2006ley.pdf\">ENLACE<\/a><\/td>\n<\/tr>\n<tr>\n<td>Atribuciones esenciales<\/td>\n<td>Establecer derechos por los servicios que presten y por los permisos y concesiones que otorguen<\/td>\n<td>Art.5\u00ba letra e) Ley 18.695, Org\u00e1nica Constitucional de Municipalidades<\/td>\n<td><a href=\"http:\/\/web.quillota.cl\/transparencia\/wp-content\/uploads\/docs\/dfl_1_26-jul_2006ley.pdf\">ENLACE<\/a><\/td>\n<\/tr>\n<tr>\n<td>Atribuciones esenciales<\/td>\n<td>Adquirir y enajenar bienes muebles e inmuebles<\/td>\n<td>Art.5\u00ba letra f) Ley 18.695, Org\u00e1nica Constitucional de Municipalidades<\/td>\n<td><a href=\"http:\/\/web.quillota.cl\/transparencia\/wp-content\/uploads\/docs\/dfl_1_26-jul_2006ley.pdf\">ENLACE<\/a><\/td>\n<\/tr>\n<tr>\n<td>Atribuciones esenciales<\/td>\n<td>Otorgar subvenciones y aportes para fines espec\u00edficos a personas jur\u00eddicas de car\u00e1cter p\u00fablico o privado, sin fines de lucro, que colaboren directamente en el cumplimiento de sus funciones. Estas subvenciones y aportes no podr\u00e1n exceder, en conjunto, al siete por ciento del presupuesto municipal. Este l\u00edmite no incluye a las subvenciones y aportes que las municipalidades destinen\u00a0 a las actividades de educaron, de salud o de atenci\u00f3n de menores que les hayan sido traspasados en virtud de lo establecido en el Decreto con Fuerza de Ley N\u00ba 13.063 de Interior, de 1980, cualesquiera sea su forma de administraci\u00f3n, ni las destinadas a los Cuerpos de Bomberos.<\/td>\n<td>Art.5\u00ba letra g) Ley 18.695, Org\u00e1nica Constitucional de Municipalidades<\/td>\n<td><a href=\"http:\/\/web.quillota.cl\/transparencia\/wp-content\/uploads\/docs\/dfl_1_26-jul_2006ley.pdf\">ENLACE<\/a><\/td>\n<\/tr>\n<tr>\n<td>Atribuciones esenciales<\/td>\n<td>Aplicar tributos que graven actividades o bienes que tengan una clara identificaci\u00f3n local y est\u00e9n destinados a obras de desarrollo comunal, para cuyo efecto las autoridades comunales deber\u00e1n actuar dentro de las normas que la ley establezca<\/td>\n<td>Art.5\u00ba letra h) Ley 18.695, Org\u00e1nica Constitucional de Municipalidades<\/td>\n<td><a href=\"http:\/\/web.quillota.cl\/transparencia\/wp-content\/uploads\/docs\/dfl_1_26-jul_2006ley.pdf\">ENLACE<\/a><\/td>\n<\/tr>\n<tr>\n<td>Atribuciones esenciales<\/td>\n<td>Constituir corporaciones o fundaciones de derecho privado, sin fines de lucro, destinadas a la promoci\u00f3n y difusi\u00f3n del arte y la cultura.<\/td>\n<td>Art.5\u00ba letra i) Ley 18.695, Org\u00e1nica Constitucional de Municipalidades<\/td>\n<td><a href=\"http:\/\/web.quillota.cl\/transparencia\/wp-content\/uploads\/docs\/dfl_1_26-jul_2006ley.pdf\">ENLACE<\/a><\/td>\n<\/tr>\n<tr>\n<td>Atribuciones esenciales<\/td>\n<td>Establecer, en el \u00e1mbito de la comuna, territorios denominados unidades vecinales, con el objeto de propender a un desarrollo equilibrado y a una adecuada canalizaci\u00f3n de la participaci\u00f3n ciudadana<\/td>\n<td>Art.5\u00ba letra j) Ley 18.695, Org\u00e1nica Constitucional de Municipalidades<\/td>\n<td><a href=\"http:\/\/web.quillota.cl\/transparencia\/wp-content\/uploads\/docs\/dfl_1_26-jul_2006ley.pdf\">ENLACE<\/a><\/td>\n<\/tr>\n<tr>\n<td>Atribuciones esenciales<\/td>\n<td>Aprobar los planes\u00a0 reguladores comunales y los planes seccionales de las comunas que formen un territorio normado por un plan regulador metropolitano o intercomunal, y pronunciarse sobre el proyecto del plan regulador comunal o de plan seccional de comunas que no formen parte del territorio normado por un plan regulador metropolitano \u00a0o intercomunal.<\/td>\n<td>Art.5\u00ba letra k) Ley 18.695, Org\u00e1nica Constitucional de Municipalidades<\/td>\n<td><a href=\"http:\/\/web.quillota.cl\/transparencia\/wp-content\/uploads\/docs\/dfl_1_26-jul_2006ley.pdf\">ENLACE<\/a><\/td>\n<\/tr>\n<tr>\n<td>Atribuciones esenciales<\/td>\n<td>Aprobar\u00a0 los planos de detalle de los planes reguladores comunales y de\u00a0 los planos seccionales.<\/td>\n<td>Art.5\u00ba letra l) Ley 18.695, Org\u00e1nica Constitucional de Municipalidades<\/td>\n<td>\u00a0<a href=\"http:\/\/web.quillota.cl\/transparencia\/wp-content\/uploads\/docs\/dfl_1_26-jul_2006ley.pdf\">ENLACE<\/a><\/td>\n<\/tr>\n<tr>\n<td>Otras Atribuciones<\/td>\n<td>Atribuciones no esenciales que le confieren las leyes o que versen sobre materias\u00a0 que la Constituci\u00f3n Pol\u00edtica de la Rep\u00fablica expresamente ha encargado sean reguladas por ley com\u00fan<\/td>\n<td>Art.5\u00ba , antepen\u00faltimo inciso , Ley 18.695, Org\u00e1nica Constitucional de Municipalidades<\/td>\n<td><a href=\"http:\/\/web.quillota.cl\/transparencia\/wp-content\/uploads\/docs\/dfl_1_26-jul_2006ley.pdf\">ENLACE<\/a><\/td>\n<\/tr>\n<tr>\n<td>Otras Atribuciones<\/td>\n<td>Colaborar con la fiscalizaci\u00f3n y en el cumplimiento de las disposiciones legales y reglamentarias correspondientes a la protecci\u00f3n del medio ambiente, dentro de los l\u00edmites comunales<\/td>\n<td>Art.5\u00ba, \u00a0pen\u00faltimo inciso , Ley 18.695, Org\u00e1nica Constitucional de Municipalidades<\/td>\n<td><a href=\"http:\/\/web.quillota.cl\/transparencia\/wp-content\/uploads\/docs\/dfl_1_26-jul_2006ley.pdf\">ENLACE<\/a><\/td>\n<\/tr>\n<tr>\n<td>Otras Atribuciones<\/td>\n<td>Asociarse entre Municipalidades para el cumplimiento de sus fines propios.<\/td>\n<td>Art.5\u00ba, \u00a0\u00faltimo inciso, Ley 18.695, Org\u00e1nica Constitucional de Municipalidades<\/td>\n<td><a href=\"http:\/\/web.quillota.cl\/transparencia\/wp-content\/uploads\/docs\/dfl_1_26-jul_2006ley.pdf\">ENLACE<\/a><\/td>\n<\/tr>\n<tr>\n<td>Otras Atribuciones<\/td>\n<td>Celebrar convenios con otros \u00f3rganos\u00a0 de la Administraci\u00f3n del Estado en las condiciones que se\u00f1ale la ley respectiva, sin alterar las funciones y atribuciones que corresponde al municipio<\/td>\n<td>Art.8\u00ba , primer inciso, Ley 18.695, Org\u00e1nica Constitucional de Municipalidades<\/td>\n<td><a href=\"http:\/\/web.quillota.cl\/transparencia\/wp-content\/uploads\/docs\/dfl_1_26-jul_2006ley.pdf\">ENLACE<\/a><\/td>\n<\/tr>\n<tr>\n<td>Otras Atribuciones<\/td>\n<td>Celebrar contratos que impliquen la ejecuci\u00f3n de acciones determinadas, a fin de atender las necesidades de la comunidad local<\/td>\n<td>Art.8\u00ba, segundo inciso, Ley 18.695, Org\u00e1nica Constitucional de Municipalidades<\/td>\n<td><a href=\"http:\/\/web.quillota.cl\/transparencia\/wp-content\/uploads\/docs\/dfl_1_26-jul_2006ley.pdf\">ENLACE<\/a><\/td>\n<\/tr>\n<tr>\n<td>Otras Atribuciones<\/td>\n<td>Otorgar concesiones para la prestaci\u00f3n de determinados servicios\u00a0 municipales o para la administraci\u00f3n de establecimientos o bienes espec\u00edficos que posean o tengan\u00a0 a cualquier titulo<\/td>\n<td>Art.8\u00ba, tercer \u00a0inciso, Ley 18.695, Org\u00e1nica Constitucional de Municipalidades<\/td>\n<td><a href=\"http:\/\/web.quillota.cl\/transparencia\/wp-content\/uploads\/docs\/dfl_1_26-jul_2006ley.pdf\">ENLACE<\/a><\/td>\n<\/tr>\n<tr>\n<td>Otras Atribuciones<\/td>\n<td>Desarrollar actividades empresariales o participar en ellas s\u00f3lo si hay una ley de qu\u00f3rum calificado lo autoriza<\/td>\n<td>Art.11, Ley 18.695, Org\u00e1nica Constitucional de Municipalidades<\/td>\n<td><a href=\"http:\/\/web.quillota.cl\/transparencia\/wp-content\/uploads\/docs\/dfl_1_26-jul_2006ley.pdf\">ENLACE<\/a><\/td>\n<\/tr>\n<\/tbody>\n<\/table>\n<p>&nbsp;<\/p>\n","protected":false},"excerpt":{"rendered":"<p>Volver Atr\u00e1s Potestades, competencias, responsabilidades, funciones, atribuciones y tareas del organismo Denominaci\u00f3n Potestades Fuente Legal Enlace POTESTADES, COMPETENCIAS, RESPONSABILIDADES, FUNCIONES O TAREAS Ejercer \u00a0la administraci\u00f3n local de la Comuna, satisfacer las necesidades de la comunidad local y asegurar su participaci\u00f3n en el progreso econ\u00f3mico, social y cultural de la comuna Art. 1 Ley 18.695, Org\u00e1nica <span class=\"excerpt-more\">&rarr;<\/span><\/p>\n","protected":false},"author":1,"featured_media":0,"parent":0,"menu_order":0,"comment_status":"closed","ping_status":"closed","template":"","meta":{"footnotes":""},"class_list":["post-947","page","type-page","status-publish","hentry"],"_links":{"self":[{"href":"https:\/\/www.transparenciaquillota.cl\/index.php?rest_route=\/wp\/v2\/pages\/947","targetHints":{"allow":["GET"]}}],"collection":[{"href":"https:\/\/www.transparenciaquillota.cl\/index.php?rest_route=\/wp\/v2\/pages"}],"about":[{"href":"https:\/\/www.transparenciaquillota.cl\/index.php?rest_route=\/wp\/v2\/types\/page"}],"author":[{"embeddable":true,"href":"https:\/\/www.transparenciaquillota.cl\/index.php?rest_route=\/wp\/v2\/users\/1"}],"replies":[{"embeddable":true,"href":"https:\/\/www.transparenciaquillota.cl\/index.php?rest_route=%2Fwp%2Fv2%2Fcomments&post=947"}],"version-history":[{"count":10,"href":"https:\/\/www.transparenciaquillota.cl\/index.php?rest_route=\/wp\/v2\/pages\/947\/revisions"}],"predecessor-version":[{"id":6742,"href":"https:\/\/www.transparenciaquillota.cl\/index.php?rest_route=\/wp\/v2\/pages\/947\/revisions\/6742"}],"wp:attachment":[{"href":"https:\/\/www.transparenciaquillota.cl\/index.php?rest_route=%2Fwp%2Fv2%2Fmedia&parent=947"}],"curies":[{"name":"wp","href":"https:\/\/api.w.org\/{rel}","templated":true}]}}